{"id":549,"date":"2024-09-30T15:18:13","date_gmt":"2024-09-30T13:18:13","guid":{"rendered":"https:\/\/alperkrup.com\/accessibility-statement\/"},"modified":"2024-10-14T12:27:25","modified_gmt":"2024-10-14T10:27:25","slug":"declaracion-de-accesibilidad","status":"publish","type":"page","link":"https:\/\/alperkrup.com\/es\/declaracion-de-accesibilidad\/","title":{"rendered":"DECLARACI\u00d3N DE ACCESIBILIDAD"},"content":{"rendered":"<h1 class=\"entry-title main_title\">DECLARACI\u00d3N DE ACCESIBILIDAD<\/h1>\n<div class=\"entry-content\">\n<h3><strong>DECLARACI\u00d3N DE ACCESIBILIDAD<\/strong><\/h3>\n<p><strong>INFORMACI\u00d3N OBLIGATORIA<\/strong><\/p>\n<ol>\n<li><strong>Declaraci\u00f3n de accesibilidad<\/strong><\/li>\n<\/ol>\n<\/div>\n<p>ALPER KRUP SLU se ha comprometido a hacer <em>accesible<\/em>\u00a0serveisbatiste.com y\u00a0<em>su aplicaci\u00f3n para dispositivos m\u00f3viles<\/em>\u00a0de conformidad con el Real Decreto 1112\/2018, de 7 de septiembre, sobre accesibilidad de los sitios web y aplicaciones para dispositivos m\u00f3viles del sector p\u00fablico.<\/p>\n<p>La presente declaraci\u00f3n de accesibilidad se aplica al sitio web https:\/\/alperkrup.com\/<\/p>\n<p><strong>Situaci\u00f3n de cumplimiento<\/strong><\/p>\n<p>Este sitio web es\u00a0<strong>parcialmente conforme<\/strong>\u00a0con el Real Decreto 1112\/2018, de 7 de septiembre, debido a la falta de conformidad de los aspectos que se indican a continuaci\u00f3n.<\/p>\n<div class=\"entry-content\">\n<ol start=\"2\">\n<li><strong>Contenido no accesible<\/strong>\n<p>El contenido que se recoge a continuaci\u00f3n no es accesible por lo siguiente:<\/p>\n<ol>\n<li><a href=\"https:\/\/www.hacienda.gob.es\/es-ES\/Paginas\/Accesibilidad-no-conforme.aspx\"><strong>Falta de conformidad con el Real Decreto 1112\/2018, de 7 de septiembre<\/strong><\/a>: podr\u00edan existir fallos puntuales de edici\u00f3n en alguna p\u00e1gina web, tanto en contenidos HTML como en documentos finales, publicados en fecha posterior al 20 de septiembre de 2018 (fecha de entrada en vigor del Real Decreto 1112\/2018, de 7 de septiembre). Concretamente puede haber errores en aquellos documentos que contienen gr\u00e1ficos, tablas complejas o en aquellos firmados electr\u00f3nicamente antes de su revisi\u00f3n de accesibilidad.<\/li>\n<li><strong>Carga desproporcionada<\/strong>: no aplica.<\/li>\n<li>El contenido\u00a0<strong>no entra dentro del \u00e1mbito de la legislaci\u00f3n<\/strong>\u00a0aplicable: Existen archivos ofim\u00e1ticos en PDF u otros formatos publicados antes del 20 de septiembre de 2018 que no cumplen en su totalidad todos los requisitos de accesibilidad; tambi\u00e9n pueden estar en esa situaci\u00f3n contenidos de terceros no financiados, ni desarrollados, ni bajo el control de esta empresa.<\/li>\n<\/ol>\n<\/li>\n<\/ol>\n<p><strong>Preparaci\u00f3n de la presente declaraci\u00f3n de accesibilidad<\/strong><\/p>\n<p>La presente declaraci\u00f3n fue preparada el 23 de agosto de 2024.<\/p>\n<p>El m\u00e9todo empleado para preparar la declaraci\u00f3n ha sido una autoevaluaci\u00f3n llevada a cabo por el propio organismo.<\/p>\n<p>\u00daltima revisi\u00f3n de la declaraci\u00f3n: 23 de agosto de 2024.<\/p>\n<p><strong>\u00a0<\/strong><\/p>\n<p><strong>Observaciones y datos de contacto<\/strong><\/p>\n<p>Puede realizar comunicaciones sobre requisitos de accesibilidad (art\u00edculo 10.2.a) del Real Decreto 1112\/2018, de 7 de septiembre) como, por ejemplo:<\/p>\n<ul>\n<li>Informar sobre cualquier posible incumplimiento por parte de este sitio web.<\/li>\n<li>Transmitir otras dificultades de acceso al contenido.<\/li>\n<li>Formular cualquier otra consulta o sugerencia de mejora relativa a la accesibilidad del sitio web.<\/li>\n<\/ul>\n<p>&nbsp;<\/p>\n<p>A trav\u00e9s de las siguientes v\u00edas:<\/p>\n<ul>\n<li>Correo electr\u00f3nico: admin@alperkrup.com<\/li>\n<li>Tel\u00e9fonos: +34 935 456 987<\/li>\n<\/ul>\n<p>&nbsp;<\/p>\n<p>Tambi\u00e9n puede solicitar en formato accesible informaci\u00f3n que no cumpla con los requisitos de accesibilidad bien por estar excluida, bien por estar exenta por carga desproporcionada; o formular una queja por incumplimiento de los requisitos de accesibilidad.\u00a0<a href=\"https:\/\/alperkrup.com\/es\/contacto\/\">Enlace<\/a>\u00a0al procedimiento de solicitud de informaci\u00f3n accesible y quejas\u00a0del art\u00edculo 12 del Real Decreto 1112\/2018, de 7 de septiembre.<\/p>\n<p>Las comunicaciones, solicitudes de informaci\u00f3n accesible y quejas debe dirigirlas responsable de los contenidos de este sitio web.<\/p>\n<p><strong>\u00a0<\/strong><\/p>\n<p><strong>Procedimiento de aplicaci\u00f3n<\/strong><\/p>\n<p>A trav\u00e9s de este procedimiento podr\u00e1 iniciar una reclamaci\u00f3n para conocer y oponerse a los motivos de la desestimaci\u00f3n de una solicitud de informaci\u00f3n accesible o queja, instar la adopci\u00f3n de las medidas oportunas en el caso de no estar de acuerdo con la decisi\u00f3n adoptada, o exponer las razones por las que se considera que la respuesta no cumple con los requisitos exigidos.<\/p>\n<p>Enlace al que debe dirigir responsable de este sitio web, al superior jer\u00e1rquico de \u00e9sta.<\/p>\n<\/div>\n","protected":false},"excerpt":{"rendered":"<p>DECLARACI\u00d3N DE ACCESIBILIDAD DECLARACI\u00d3N DE ACCESIBILIDAD INFORMACI\u00d3N OBLIGATORIA Declaraci\u00f3n de accesibilidad ALPER KRUP SLU se ha comprometido a hacer accesible\u00a0serveisbatiste.com y\u00a0su aplicaci\u00f3n para dispositivos m\u00f3viles\u00a0de conformidad con el Real Decreto 1112\/2018, de 7 de septiembre, sobre accesibilidad de los sitios web y aplicaciones para dispositivos m\u00f3viles del sector p\u00fablico. La presente declaraci\u00f3n de accesibilidad se [&hellip;]<\/p>\n","protected":false},"author":1,"featured_media":0,"parent":0,"menu_order":0,"comment_status":"closed","ping_status":"closed","template":"","meta":{"_et_pb_use_builder":"","_et_pb_old_content":"","_et_gb_content_width":"","footnotes":""},"class_list":["post-549","page","type-page","status-publish","hentry"],"yoast_head":"<!-- This site is optimized with the Yoast SEO plugin v27.4 - https:\/\/yoast.com\/product\/yoast-seo-wordpress\/ -->\n<title>DECLARACI\u00d3N DE ACCESIBILIDAD - ALPER KRUP | Comercial and technical consultancy for animal feed, fuels and biofuels industries<\/title>\n<meta name=\"robots\" content=\"index, follow, max-snippet:-1, max-image-preview:large, max-video-preview:-1\" \/>\n<link rel=\"canonical\" href=\"https:\/\/alperkrup.com\/es\/declaracion-de-accesibilidad\/\" \/>\n<meta property=\"og:locale\" content=\"es_ES\" \/>\n<meta property=\"og:type\" content=\"article\" \/>\n<meta property=\"og:title\" content=\"DECLARACI\u00d3N DE ACCESIBILIDAD - ALPER KRUP | Comercial and technical consultancy for animal feed, fuels and biofuels industries\" \/>\n<meta property=\"og:description\" content=\"DECLARACI\u00d3N DE ACCESIBILIDAD DECLARACI\u00d3N DE ACCESIBILIDAD INFORMACI\u00d3N OBLIGATORIA Declaraci\u00f3n de accesibilidad ALPER KRUP SLU se ha comprometido a hacer accesible\u00a0serveisbatiste.com y\u00a0su aplicaci\u00f3n para dispositivos m\u00f3viles\u00a0de conformidad con el Real Decreto 1112\/2018, de 7 de septiembre, sobre accesibilidad de los sitios web y aplicaciones para dispositivos m\u00f3viles del sector p\u00fablico. La presente declaraci\u00f3n de accesibilidad se [&hellip;]\" \/>\n<meta property=\"og:url\" content=\"https:\/\/alperkrup.com\/es\/declaracion-de-accesibilidad\/\" \/>\n<meta property=\"og:site_name\" content=\"ALPER KRUP | Comercial and technical consultancy for animal feed, fuels and biofuels industries\" \/>\n<meta property=\"article:modified_time\" content=\"2024-10-14T10:27:25+00:00\" \/>\n<meta property=\"og:image\" content=\"https:\/\/alperkrup.com\/wp-content\/uploads\/2024\/10\/chemist-lab-coat-rubber-gloves-vigorously-shaking-yellow-samples-before-analysis.jpg\" \/>\n\t<meta property=\"og:image:width\" content=\"1500\" \/>\n\t<meta property=\"og:image:height\" content=\"1000\" \/>\n\t<meta property=\"og:image:type\" content=\"image\/jpeg\" \/>\n<meta name=\"twitter:label1\" content=\"Tiempo de lectura\" \/>\n\t<meta name=\"twitter:data1\" content=\"3 minutos\" \/>\n<script type=\"application\/ld+json\" class=\"yoast-schema-graph\">{\"@context\":\"https:\\\/\\\/schema.org\",\"@graph\":[{\"@type\":\"WebPage\",\"@id\":\"https:\\\/\\\/alperkrup.com\\\/es\\\/declaracion-de-accesibilidad\\\/\",\"url\":\"https:\\\/\\\/alperkrup.com\\\/es\\\/declaracion-de-accesibilidad\\\/\",\"name\":\"DECLARACI\u00d3N DE ACCESIBILIDAD - ALPER KRUP | Comercial and technical consultancy for animal feed, fuels and biofuels industries\",\"isPartOf\":{\"@id\":\"https:\\\/\\\/alperkrup.com\\\/#website\"},\"datePublished\":\"2024-09-30T13:18:13+00:00\",\"dateModified\":\"2024-10-14T10:27:25+00:00\",\"breadcrumb\":{\"@id\":\"https:\\\/\\\/alperkrup.com\\\/es\\\/declaracion-de-accesibilidad\\\/#breadcrumb\"},\"inLanguage\":\"es\",\"potentialAction\":[{\"@type\":\"ReadAction\",\"target\":[\"https:\\\/\\\/alperkrup.com\\\/es\\\/declaracion-de-accesibilidad\\\/\"]}]},{\"@type\":\"BreadcrumbList\",\"@id\":\"https:\\\/\\\/alperkrup.com\\\/es\\\/declaracion-de-accesibilidad\\\/#breadcrumb\",\"itemListElement\":[{\"@type\":\"ListItem\",\"position\":1,\"name\":\"Portada\",\"item\":\"https:\\\/\\\/alperkrup.com\\\/es\\\/\"},{\"@type\":\"ListItem\",\"position\":2,\"name\":\"DECLARACI\u00d3N DE ACCESIBILIDAD\"}]},{\"@type\":\"WebSite\",\"@id\":\"https:\\\/\\\/alperkrup.com\\\/#website\",\"url\":\"https:\\\/\\\/alperkrup.com\\\/\",\"name\":\"ALPER KRUP | Comercial and technical consultancy for animal feed, fuels and biofuels industries\",\"description\":\"We offer ingredients that improve animal gut health.\",\"publisher\":{\"@id\":\"https:\\\/\\\/alperkrup.com\\\/#organization\"},\"alternateName\":\"Alper Krup\",\"potentialAction\":[{\"@type\":\"SearchAction\",\"target\":{\"@type\":\"EntryPoint\",\"urlTemplate\":\"https:\\\/\\\/alperkrup.com\\\/?s={search_term_string}\"},\"query-input\":{\"@type\":\"PropertyValueSpecification\",\"valueRequired\":true,\"valueName\":\"search_term_string\"}}],\"inLanguage\":\"es\"},{\"@type\":\"Organization\",\"@id\":\"https:\\\/\\\/alperkrup.com\\\/#organization\",\"name\":\"Alper Krup\",\"alternateName\":\"Comercial and thecnical consultancy for animal feed\",\"url\":\"https:\\\/\\\/alperkrup.com\\\/\",\"logo\":{\"@type\":\"ImageObject\",\"inLanguage\":\"es\",\"@id\":\"https:\\\/\\\/alperkrup.com\\\/#\\\/schema\\\/logo\\\/image\\\/\",\"url\":\"https:\\\/\\\/alperkrup.com\\\/wp-content\\\/uploads\\\/2024\\\/09\\\/Alper-Krup-01.png\",\"contentUrl\":\"https:\\\/\\\/alperkrup.com\\\/wp-content\\\/uploads\\\/2024\\\/09\\\/Alper-Krup-01.png\",\"width\":1004,\"height\":296,\"caption\":\"Alper Krup\"},\"image\":{\"@id\":\"https:\\\/\\\/alperkrup.com\\\/#\\\/schema\\\/logo\\\/image\\\/\"}}]}<\/script>\n<!-- \/ Yoast SEO plugin. -->","yoast_head_json":{"title":"DECLARACI\u00d3N DE ACCESIBILIDAD - ALPER KRUP | Comercial and technical consultancy for animal feed, fuels and biofuels industries","robots":{"index":"index","follow":"follow","max-snippet":"max-snippet:-1","max-image-preview":"max-image-preview:large","max-video-preview":"max-video-preview:-1"},"canonical":"https:\/\/alperkrup.com\/es\/declaracion-de-accesibilidad\/","og_locale":"es_ES","og_type":"article","og_title":"DECLARACI\u00d3N DE ACCESIBILIDAD - ALPER KRUP | Comercial and technical consultancy for animal feed, fuels and biofuels industries","og_description":"DECLARACI\u00d3N DE ACCESIBILIDAD DECLARACI\u00d3N DE ACCESIBILIDAD INFORMACI\u00d3N OBLIGATORIA Declaraci\u00f3n de accesibilidad ALPER KRUP SLU se ha comprometido a hacer accesible\u00a0serveisbatiste.com y\u00a0su aplicaci\u00f3n para dispositivos m\u00f3viles\u00a0de conformidad con el Real Decreto 1112\/2018, de 7 de septiembre, sobre accesibilidad de los sitios web y aplicaciones para dispositivos m\u00f3viles del sector p\u00fablico. La presente declaraci\u00f3n de accesibilidad se [&hellip;]","og_url":"https:\/\/alperkrup.com\/es\/declaracion-de-accesibilidad\/","og_site_name":"ALPER KRUP | Comercial and technical consultancy for animal feed, fuels and biofuels industries","article_modified_time":"2024-10-14T10:27:25+00:00","og_image":[{"width":1500,"height":1000,"url":"https:\/\/alperkrup.com\/wp-content\/uploads\/2024\/10\/chemist-lab-coat-rubber-gloves-vigorously-shaking-yellow-samples-before-analysis.jpg","type":"image\/jpeg"}],"twitter_misc":{"Tiempo de lectura":"3 minutos"},"schema":{"@context":"https:\/\/schema.org","@graph":[{"@type":"WebPage","@id":"https:\/\/alperkrup.com\/es\/declaracion-de-accesibilidad\/","url":"https:\/\/alperkrup.com\/es\/declaracion-de-accesibilidad\/","name":"DECLARACI\u00d3N DE ACCESIBILIDAD - ALPER KRUP | Comercial and technical consultancy for animal feed, fuels and biofuels industries","isPartOf":{"@id":"https:\/\/alperkrup.com\/#website"},"datePublished":"2024-09-30T13:18:13+00:00","dateModified":"2024-10-14T10:27:25+00:00","breadcrumb":{"@id":"https:\/\/alperkrup.com\/es\/declaracion-de-accesibilidad\/#breadcrumb"},"inLanguage":"es","potentialAction":[{"@type":"ReadAction","target":["https:\/\/alperkrup.com\/es\/declaracion-de-accesibilidad\/"]}]},{"@type":"BreadcrumbList","@id":"https:\/\/alperkrup.com\/es\/declaracion-de-accesibilidad\/#breadcrumb","itemListElement":[{"@type":"ListItem","position":1,"name":"Portada","item":"https:\/\/alperkrup.com\/es\/"},{"@type":"ListItem","position":2,"name":"DECLARACI\u00d3N DE ACCESIBILIDAD"}]},{"@type":"WebSite","@id":"https:\/\/alperkrup.com\/#website","url":"https:\/\/alperkrup.com\/","name":"ALPER KRUP | Comercial and technical consultancy for animal feed, fuels and biofuels industries","description":"We offer ingredients that improve animal gut health.","publisher":{"@id":"https:\/\/alperkrup.com\/#organization"},"alternateName":"Alper Krup","potentialAction":[{"@type":"SearchAction","target":{"@type":"EntryPoint","urlTemplate":"https:\/\/alperkrup.com\/?s={search_term_string}"},"query-input":{"@type":"PropertyValueSpecification","valueRequired":true,"valueName":"search_term_string"}}],"inLanguage":"es"},{"@type":"Organization","@id":"https:\/\/alperkrup.com\/#organization","name":"Alper Krup","alternateName":"Comercial and thecnical consultancy for animal feed","url":"https:\/\/alperkrup.com\/","logo":{"@type":"ImageObject","inLanguage":"es","@id":"https:\/\/alperkrup.com\/#\/schema\/logo\/image\/","url":"https:\/\/alperkrup.com\/wp-content\/uploads\/2024\/09\/Alper-Krup-01.png","contentUrl":"https:\/\/alperkrup.com\/wp-content\/uploads\/2024\/09\/Alper-Krup-01.png","width":1004,"height":296,"caption":"Alper Krup"},"image":{"@id":"https:\/\/alperkrup.com\/#\/schema\/logo\/image\/"}}]}},"_links":{"self":[{"href":"https:\/\/alperkrup.com\/es\/wp-json\/wp\/v2\/pages\/549","targetHints":{"allow":["GET"]}}],"collection":[{"href":"https:\/\/alperkrup.com\/es\/wp-json\/wp\/v2\/pages"}],"about":[{"href":"https:\/\/alperkrup.com\/es\/wp-json\/wp\/v2\/types\/page"}],"author":[{"embeddable":true,"href":"https:\/\/alperkrup.com\/es\/wp-json\/wp\/v2\/users\/1"}],"replies":[{"embeddable":true,"href":"https:\/\/alperkrup.com\/es\/wp-json\/wp\/v2\/comments?post=549"}],"version-history":[{"count":3,"href":"https:\/\/alperkrup.com\/es\/wp-json\/wp\/v2\/pages\/549\/revisions"}],"predecessor-version":[{"id":594,"href":"https:\/\/alperkrup.com\/es\/wp-json\/wp\/v2\/pages\/549\/revisions\/594"}],"wp:attachment":[{"href":"https:\/\/alperkrup.com\/es\/wp-json\/wp\/v2\/media?parent=549"}],"curies":[{"name":"wp","href":"https:\/\/api.w.org\/{rel}","templated":true}]}}