{"id":547,"date":"2024-09-30T14:02:01","date_gmt":"2024-09-30T12:02:01","guid":{"rendered":"https:\/\/alperkrup.com\/cookies-policy\/"},"modified":"2024-10-14T12:25:23","modified_gmt":"2024-10-14T10:25:23","slug":"politica-de-cookies","status":"publish","type":"page","link":"https:\/\/alperkrup.com\/es\/politica-de-cookies\/","title":{"rendered":"POL\u00cdTICA DE COOKIES"},"content":{"rendered":"<h1 class=\"entry-title main_title\">POL\u00cdTICA DE COOKIES<\/h1>\n<div class=\"entry-content\">\n<h3><strong>POLITICA DE COOKIES<\/strong><\/h3>\n<p><strong>POL\u00cdTICA DE COOKIES<\/strong><\/p>\n<ol>\n<li><strong>Uso de cookies<\/strong><\/li>\n<\/ol>\n<\/div>\n<div class=\"entry-content\">\n<div class=\"entry-content\">\n<div class=\"content\">\n<div class=\"moz-reader-content reader-show-element\">\n<div id=\"readability-page-1\" class=\"page\">\n<div id=\"boiler\">\n<p>La p\u00e1gina web titularidad https:\/\/alperkrup.com\/ de ALPER KRUP SLU y con domicilio en C\/ Tavern, 61 1-3, 08006, Barcelona, Barcelona, Espanya y con n\u00famero de identidad B67145243 utiliza cookies.<\/p>\n<p>Las cookies son ficheros que se descargan en su ordenador al acceder a determinadas p\u00e1ginas web. Las cookies permiten a una p\u00e1gina web, entre otras cosas, almacenar y recuperar informaci\u00f3n sobre los h\u00e1bitos de navegaci\u00f3n de un usuario o de su equipo y, dependiendo de la informaci\u00f3n que contengan y de la forma en que utilice su equipo.<\/p>\n<p>Adem\u00e1s, mejoran su proceso de navegaci\u00f3n, ya que permiten que la p\u00e1gina web ofrezca al usuario informaci\u00f3n que puede ser de su inter\u00e9s en funci\u00f3n del uso que realice, del contenido de la misma.<\/p>\n<p>En caso de no querer recibir cookies, por favor configure su navegador de Internet, para que las borre del disco duro de su ordenador, las bloquee o le avise en caso de instalaci\u00f3n de las mismas. Para continuar sin cambios en la configuraci\u00f3n de las cookies, simplemente,\u00a0contin\u00fae en la p\u00e1gina web.<\/p>\n<ol start=\"2\">\n<li><strong>Consentimiento<\/strong><\/li>\n<\/ol>\n<p>Las cookies que utilizamos no almacenan dato personal alguno, ni ning\u00fan tipo de informaci\u00f3n que pueda identificarle, salvo que quiera registrarse, de forma voluntaria con el fin de utilizar los servicios que ponemos a su disposici\u00f3n o de recibir informaci\u00f3n sobre promociones y contenidos de su inter\u00e9s.<\/p>\n<p>Al navegar por primera vez aparecer\u00e1 un banner explicativo del uso de las cookies. Podr\u00e1 aceptar todas las cookies o bien elegir si desea solo aceptar solo las cookies esenciales o t\u00e9cnicas, que son necesarias para el correcto funcionamiento para la p\u00e1gina web; excluyendo las cookies anal\u00edticas y de publicidad. Este consentimiento es v\u00e1lido por un periodo de 13 meses. En caso de no estar de acuerdo puede enviar un correo electr\u00f3nico a\u00a0 admin@alperkrup.com<\/p>\n<ol start=\"3\">\n<li><strong>Tipos y finalidad de las cookies<\/strong><\/li>\n<\/ol>\n<p>Las Cookies, en funci\u00f3n de su permanencia, pueden clasificarse en:<\/p>\n<ul>\n<li>Cookies de sesi\u00f3n: expiran cuando el usuario cierra el navegador.<\/li>\n<li>Cookies persistentes: expiran en funci\u00f3n cuando se cumpla el objetivo para el que sirven (por ejemplo, para que el usuario se mantenga identificado en la p\u00e1gina web y en los servicios de la misma o bien cuando se borran manualmente).<\/li>\n<\/ul>\n<p>&nbsp;<\/p>\n<p>Las cookies en funci\u00f3n de su objetivo pueden clasificarse de la siguiente forma:<\/p>\n<ul>\n<li>Cookies de rendimiento\u00a0(t\u00e9cnicas y de personalizaci\u00f3n): Este tipo de cookie recuerda sus preferencias para las herramientas que se encuentran en los servicios, por lo que no tiene que volver a configurar el servicio cada vez que usted visita. A modo de ejemplo, en esta tipolog\u00eda se incluyen:\u00a0 ajustes de volumen de reproductores de v\u00eddeo o sonido y las velocidades de transmisi\u00f3n de v\u00eddeo que sean compatibles con su navegador.<\/li>\n<li>Cookies de geo-localizaci\u00f3n: Estas Cookies son utilizadas para averiguar en qu\u00e9 pa\u00eds se encuentra cuando se solicita un servicio. Esta Cookie es totalmente an\u00f3nima, y s\u00f3lo se utiliza para ayudar a orientar el contenido a su ubicaci\u00f3n.<\/li>\n<li>Cookies de registro (t\u00e9cnicas y de personalizaci\u00f3n): Las Cookies de registro se generan una vez que el usuario se ha registrado o posteriormente ha abierto su sesi\u00f3n, y se utilizan para identificarle en los servicios con los siguientes objetivos:\n<ul>\n<li>Mantener al Usuario identificado de forma que, si cierra un servicio, el navegador o el ordenador y en otro momento u otro d\u00eda vuelve a entrar en dicho servicio, seguir\u00e1 identificado, facilitando as\u00ed su navegaci\u00f3n sin tener que volver a identificarse. Esta funcionalidad se puede suprimir si el usuario pulsa la funcionalidad \u201ccerrar sesi\u00f3n\u201d, de forma que esta Cookie se elimina y la pr\u00f3xima vez que entre en el servicio el usuario tendr\u00e1 que iniciar sesi\u00f3n para estar identificado.<\/li>\n<li>Comprobar si el usuario est\u00e1 autorizado para acceder a ciertos servicios, por ejemplo, para participar en un concurso.<\/li>\n<\/ul>\n<\/li>\n<li>Cookies de anal\u00edticas: Cada vez que un Usuario visita un servicio o informaci\u00f3n de la p\u00e1gina web o una herramienta de un proveedor externo (Google Analytics, Comscore y similares que podr\u00e1n a\u00f1adirse a este listado en caso de que var\u00eden en relaci\u00f3n con los actuales) genera una cookie anal\u00edtica en el ordenador del usuario.<\/li>\n<\/ul>\n<p>Esta cookie que s\u00f3lo se genera en la visita, servir\u00e1 en pr\u00f3ximas visitas a los servicios de la p\u00e1gina web para identificar de forma an\u00f3nima al visitante. Los objetivos principales que se persiguen son:<\/p>\n<ul>\n<li style=\"list-style-type: none;\">\n<ul>\n<li>Permitir la identificaci\u00f3n an\u00f3nima de los usuarios navegantes a trav\u00e9s de la cookie (identifica navegadores y dispositivos, no personas) y por lo tanto la contabilizaci\u00f3n aproximada del n\u00famero de visitantes y su tendencia en el tiempo.<\/li>\n<li>Identificar de forma an\u00f3nima los contenidos m\u00e1s visitados y por lo tanto m\u00e1s atractivos para los usuarios.<\/li>\n<li>Saber si el usuario que est\u00e1 accediendo es nuevo o repite visita. Importante: Salvo que el usuario decida registrarse en alg\u00fan servicio o contenido de la p\u00e1gina web, la cookie nunca ir\u00e1 asociada a ning\u00fan dato de car\u00e1cter personal que pueda identificarle. Dichas Cookies s\u00f3lo ser\u00e1n utilizadas con prop\u00f3sitos estad\u00edsticos que ayuden a la optimizaci\u00f3n de la experiencia de los usuarios en la p\u00e1gina web.<\/li>\n<\/ul>\n<\/li>\n<li>Cookies publicitarias propias: sirven para gestionar el titular de la p\u00e1gina web si un Usuario ha visitado o no la publicidad que ha incluido. Tambi\u00e9n permiten la gesti\u00f3n de espacios publicitarios en la p\u00e1gina almacenando datos del comportamiento del Usuario en la navegaci\u00f3n para poder ofrecerle anuncios publicitarios.<\/li>\n<li>Cookies publicitarias de terceros: Adem\u00e1s de la publicidad gestionada por la p\u00e1gina web en sus contenidos o servicios, podr\u00e1 ofrecer a sus anunciantes la opci\u00f3n de servir anuncios a trav\u00e9s de terceros (\u201cAdServers\u201d). De este modo, estos terceros pueden almacenar cookies enviadas desde los contenidos de la p\u00e1gina web procedentes de los navegadores de los Usuarios, as\u00ed como acceder a los datos que en ellas se guardan. Las empresas que generan estas Cookies tienen sus propias pol\u00edticas de privacidad.<\/li>\n<\/ul>\n<p>&nbsp;<\/p>\n<ol start=\"4\">\n<li style=\"list-style-type: none;\">\n<ol start=\"4\">\n<li><strong>C\u00f3mo bloquear o eliminar las cookies instaladas<\/strong><\/li>\n<\/ol>\n<p>Explorer: https:\/\/support.microsoft.com\/es-es\/topic\/c%C3%B3mo-eliminar-archivos-de-cookies-en-internet-explorer-bca9446f-d873-78de-77ba-d42645fa52fc<\/p>\n<p>Chrome: https:\/\/support.google.com\/chrome\/answer\/95647?hl=es<\/p>\n<p>Firefox: https:\/\/support.mozilla.org\/es\/kb\/Borrar%20cookies<\/p>\n<p>Safari: https:\/\/support.apple.com\/es-es\/guide\/safari\/sfri11471\/mac<\/li>\n<\/ol>\n<p>&nbsp;<\/p>\n<ol start=\"5\">\n<li><strong>Modificaciones<\/strong><\/li>\n<\/ol>\n<p>La p\u00e1gina web https:\/\/bv-oils.com\/<a href=\"https:\/\/serveisbatiste.com\/\">\u00a0<\/a>titularidad de ALPER KRUP SLU y con domicilio en C\/ Tavern, 61 1-3, 08006, Barcelona, Barcelona, Espanya y con n\u00famero de identidad B67145243 puede modificar esta pol\u00edtica de cookies en funci\u00f3n de exigencias legales, o con la finalidad de adaptar dicha pol\u00edtica a las instrucciones dictadas por la Agencia Espa\u00f1ola de Protecci\u00f3n de Datos.<\/p>\n<p>&nbsp;<\/p>\n<p>Por esta raz\u00f3n, aconsejamos a los usuarios que la visiten peri\u00f3dicamente. Cuando se produzcan cambios significativos en esta pol\u00edtica de cookies, se comunicar\u00e1n a los usuarios bien mediante la web o a trav\u00e9s de correo electr\u00f3nico a los usuarios registrados.<\/p>\n<p>&nbsp;<\/p>\n<p>Esta pol\u00edtica de cookies fue actualizada el d\u00eda\u00a014 de junio de 2023\u00a0para adaptarse al Reglamento (UE) 2016\/679 del Parlamento Europeo y del Consejo, de 27 de abril de 2016 relativo a la protecci\u00f3n de las personas f\u00edsicas en lo que respecta al tratamiento de datos personales y a la libre circulaci\u00f3n de estos datos (RGPD).<\/p>\n<\/div>\n<\/div>\n<\/div>\n<\/div>\n<\/div>\n<\/div>\n","protected":false},"excerpt":{"rendered":"<p>POL\u00cdTICA DE COOKIES POLITICA DE COOKIES POL\u00cdTICA DE COOKIES Uso de cookies La p\u00e1gina web titularidad https:\/\/alperkrup.com\/ de ALPER KRUP SLU y con domicilio en C\/ Tavern, 61 1-3, 08006, Barcelona, Barcelona, Espanya y con n\u00famero de identidad B67145243 utiliza cookies. Las cookies son ficheros que se descargan en su ordenador al acceder a determinadas [&hellip;]<\/p>\n","protected":false},"author":1,"featured_media":0,"parent":0,"menu_order":0,"comment_status":"closed","ping_status":"closed","template":"","meta":{"_et_pb_use_builder":"","_et_pb_old_content":"","_et_gb_content_width":"","footnotes":""},"class_list":["post-547","page","type-page","status-publish","hentry"],"yoast_head":"<!-- This site is optimized with the Yoast SEO plugin v27.4 - https:\/\/yoast.com\/product\/yoast-seo-wordpress\/ -->\n<title>POL\u00cdTICA DE COOKIES - ALPER KRUP | Comercial and technical consultancy for animal feed, fuels and biofuels industries<\/title>\n<meta name=\"robots\" content=\"index, follow, max-snippet:-1, max-image-preview:large, max-video-preview:-1\" \/>\n<link rel=\"canonical\" href=\"https:\/\/alperkrup.com\/es\/politica-de-cookies\/\" \/>\n<meta property=\"og:locale\" content=\"es_ES\" \/>\n<meta property=\"og:type\" content=\"article\" \/>\n<meta property=\"og:title\" content=\"POL\u00cdTICA DE COOKIES - ALPER KRUP | Comercial and technical consultancy for animal feed, fuels and biofuels industries\" \/>\n<meta property=\"og:description\" content=\"POL\u00cdTICA DE COOKIES POLITICA DE COOKIES POL\u00cdTICA DE COOKIES Uso de cookies La p\u00e1gina web titularidad https:\/\/alperkrup.com\/ de ALPER KRUP SLU y con domicilio en C\/ Tavern, 61 1-3, 08006, Barcelona, Barcelona, Espanya y con n\u00famero de identidad B67145243 utiliza cookies. Las cookies son ficheros que se descargan en su ordenador al acceder a determinadas [&hellip;]\" \/>\n<meta property=\"og:url\" content=\"https:\/\/alperkrup.com\/es\/politica-de-cookies\/\" \/>\n<meta property=\"og:site_name\" content=\"ALPER KRUP | Comercial and technical consultancy for animal feed, fuels and biofuels industries\" \/>\n<meta property=\"article:modified_time\" content=\"2024-10-14T10:25:23+00:00\" \/>\n<meta property=\"og:image\" content=\"https:\/\/alperkrup.com\/wp-content\/uploads\/2024\/10\/chemist-lab-coat-rubber-gloves-vigorously-shaking-yellow-samples-before-analysis.jpg\" \/>\n\t<meta property=\"og:image:width\" content=\"1500\" \/>\n\t<meta property=\"og:image:height\" content=\"1000\" \/>\n\t<meta property=\"og:image:type\" content=\"image\/jpeg\" \/>\n<meta name=\"twitter:label1\" content=\"Tiempo de lectura\" \/>\n\t<meta name=\"twitter:data1\" content=\"6 minutos\" \/>\n<script type=\"application\/ld+json\" class=\"yoast-schema-graph\">{\"@context\":\"https:\\\/\\\/schema.org\",\"@graph\":[{\"@type\":\"WebPage\",\"@id\":\"https:\\\/\\\/alperkrup.com\\\/es\\\/politica-de-cookies\\\/\",\"url\":\"https:\\\/\\\/alperkrup.com\\\/es\\\/politica-de-cookies\\\/\",\"name\":\"POL\u00cdTICA DE COOKIES - ALPER KRUP | Comercial and technical consultancy for animal feed, fuels and biofuels industries\",\"isPartOf\":{\"@id\":\"https:\\\/\\\/alperkrup.com\\\/#website\"},\"datePublished\":\"2024-09-30T12:02:01+00:00\",\"dateModified\":\"2024-10-14T10:25:23+00:00\",\"breadcrumb\":{\"@id\":\"https:\\\/\\\/alperkrup.com\\\/es\\\/politica-de-cookies\\\/#breadcrumb\"},\"inLanguage\":\"es\",\"potentialAction\":[{\"@type\":\"ReadAction\",\"target\":[\"https:\\\/\\\/alperkrup.com\\\/es\\\/politica-de-cookies\\\/\"]}]},{\"@type\":\"BreadcrumbList\",\"@id\":\"https:\\\/\\\/alperkrup.com\\\/es\\\/politica-de-cookies\\\/#breadcrumb\",\"itemListElement\":[{\"@type\":\"ListItem\",\"position\":1,\"name\":\"Portada\",\"item\":\"https:\\\/\\\/alperkrup.com\\\/es\\\/\"},{\"@type\":\"ListItem\",\"position\":2,\"name\":\"POL\u00cdTICA DE COOKIES\"}]},{\"@type\":\"WebSite\",\"@id\":\"https:\\\/\\\/alperkrup.com\\\/#website\",\"url\":\"https:\\\/\\\/alperkrup.com\\\/\",\"name\":\"ALPER KRUP | Comercial and technical consultancy for animal feed, fuels and biofuels industries\",\"description\":\"We offer ingredients that improve animal gut health.\",\"publisher\":{\"@id\":\"https:\\\/\\\/alperkrup.com\\\/#organization\"},\"alternateName\":\"Alper Krup\",\"potentialAction\":[{\"@type\":\"SearchAction\",\"target\":{\"@type\":\"EntryPoint\",\"urlTemplate\":\"https:\\\/\\\/alperkrup.com\\\/?s={search_term_string}\"},\"query-input\":{\"@type\":\"PropertyValueSpecification\",\"valueRequired\":true,\"valueName\":\"search_term_string\"}}],\"inLanguage\":\"es\"},{\"@type\":\"Organization\",\"@id\":\"https:\\\/\\\/alperkrup.com\\\/#organization\",\"name\":\"Alper Krup\",\"alternateName\":\"Comercial and thecnical consultancy for animal feed\",\"url\":\"https:\\\/\\\/alperkrup.com\\\/\",\"logo\":{\"@type\":\"ImageObject\",\"inLanguage\":\"es\",\"@id\":\"https:\\\/\\\/alperkrup.com\\\/#\\\/schema\\\/logo\\\/image\\\/\",\"url\":\"https:\\\/\\\/alperkrup.com\\\/wp-content\\\/uploads\\\/2024\\\/09\\\/Alper-Krup-01.png\",\"contentUrl\":\"https:\\\/\\\/alperkrup.com\\\/wp-content\\\/uploads\\\/2024\\\/09\\\/Alper-Krup-01.png\",\"width\":1004,\"height\":296,\"caption\":\"Alper Krup\"},\"image\":{\"@id\":\"https:\\\/\\\/alperkrup.com\\\/#\\\/schema\\\/logo\\\/image\\\/\"}}]}<\/script>\n<!-- \/ Yoast SEO plugin. -->","yoast_head_json":{"title":"POL\u00cdTICA DE COOKIES - ALPER KRUP | Comercial and technical consultancy for animal feed, fuels and biofuels industries","robots":{"index":"index","follow":"follow","max-snippet":"max-snippet:-1","max-image-preview":"max-image-preview:large","max-video-preview":"max-video-preview:-1"},"canonical":"https:\/\/alperkrup.com\/es\/politica-de-cookies\/","og_locale":"es_ES","og_type":"article","og_title":"POL\u00cdTICA DE COOKIES - ALPER KRUP | Comercial and technical consultancy for animal feed, fuels and biofuels industries","og_description":"POL\u00cdTICA DE COOKIES POLITICA DE COOKIES POL\u00cdTICA DE COOKIES Uso de cookies La p\u00e1gina web titularidad https:\/\/alperkrup.com\/ de ALPER KRUP SLU y con domicilio en C\/ Tavern, 61 1-3, 08006, Barcelona, Barcelona, Espanya y con n\u00famero de identidad B67145243 utiliza cookies. Las cookies son ficheros que se descargan en su ordenador al acceder a determinadas [&hellip;]","og_url":"https:\/\/alperkrup.com\/es\/politica-de-cookies\/","og_site_name":"ALPER KRUP | Comercial and technical consultancy for animal feed, fuels and biofuels industries","article_modified_time":"2024-10-14T10:25:23+00:00","og_image":[{"width":1500,"height":1000,"url":"https:\/\/alperkrup.com\/wp-content\/uploads\/2024\/10\/chemist-lab-coat-rubber-gloves-vigorously-shaking-yellow-samples-before-analysis.jpg","type":"image\/jpeg"}],"twitter_misc":{"Tiempo de lectura":"6 minutos"},"schema":{"@context":"https:\/\/schema.org","@graph":[{"@type":"WebPage","@id":"https:\/\/alperkrup.com\/es\/politica-de-cookies\/","url":"https:\/\/alperkrup.com\/es\/politica-de-cookies\/","name":"POL\u00cdTICA DE COOKIES - ALPER KRUP | Comercial and technical consultancy for animal feed, fuels and biofuels industries","isPartOf":{"@id":"https:\/\/alperkrup.com\/#website"},"datePublished":"2024-09-30T12:02:01+00:00","dateModified":"2024-10-14T10:25:23+00:00","breadcrumb":{"@id":"https:\/\/alperkrup.com\/es\/politica-de-cookies\/#breadcrumb"},"inLanguage":"es","potentialAction":[{"@type":"ReadAction","target":["https:\/\/alperkrup.com\/es\/politica-de-cookies\/"]}]},{"@type":"BreadcrumbList","@id":"https:\/\/alperkrup.com\/es\/politica-de-cookies\/#breadcrumb","itemListElement":[{"@type":"ListItem","position":1,"name":"Portada","item":"https:\/\/alperkrup.com\/es\/"},{"@type":"ListItem","position":2,"name":"POL\u00cdTICA DE COOKIES"}]},{"@type":"WebSite","@id":"https:\/\/alperkrup.com\/#website","url":"https:\/\/alperkrup.com\/","name":"ALPER KRUP | Comercial and technical consultancy for animal feed, fuels and biofuels industries","description":"We offer ingredients that improve animal gut health.","publisher":{"@id":"https:\/\/alperkrup.com\/#organization"},"alternateName":"Alper Krup","potentialAction":[{"@type":"SearchAction","target":{"@type":"EntryPoint","urlTemplate":"https:\/\/alperkrup.com\/?s={search_term_string}"},"query-input":{"@type":"PropertyValueSpecification","valueRequired":true,"valueName":"search_term_string"}}],"inLanguage":"es"},{"@type":"Organization","@id":"https:\/\/alperkrup.com\/#organization","name":"Alper Krup","alternateName":"Comercial and thecnical consultancy for animal feed","url":"https:\/\/alperkrup.com\/","logo":{"@type":"ImageObject","inLanguage":"es","@id":"https:\/\/alperkrup.com\/#\/schema\/logo\/image\/","url":"https:\/\/alperkrup.com\/wp-content\/uploads\/2024\/09\/Alper-Krup-01.png","contentUrl":"https:\/\/alperkrup.com\/wp-content\/uploads\/2024\/09\/Alper-Krup-01.png","width":1004,"height":296,"caption":"Alper Krup"},"image":{"@id":"https:\/\/alperkrup.com\/#\/schema\/logo\/image\/"}}]}},"_links":{"self":[{"href":"https:\/\/alperkrup.com\/es\/wp-json\/wp\/v2\/pages\/547","targetHints":{"allow":["GET"]}}],"collection":[{"href":"https:\/\/alperkrup.com\/es\/wp-json\/wp\/v2\/pages"}],"about":[{"href":"https:\/\/alperkrup.com\/es\/wp-json\/wp\/v2\/types\/page"}],"author":[{"embeddable":true,"href":"https:\/\/alperkrup.com\/es\/wp-json\/wp\/v2\/users\/1"}],"replies":[{"embeddable":true,"href":"https:\/\/alperkrup.com\/es\/wp-json\/wp\/v2\/comments?post=547"}],"version-history":[{"count":3,"href":"https:\/\/alperkrup.com\/es\/wp-json\/wp\/v2\/pages\/547\/revisions"}],"predecessor-version":[{"id":592,"href":"https:\/\/alperkrup.com\/es\/wp-json\/wp\/v2\/pages\/547\/revisions\/592"}],"wp:attachment":[{"href":"https:\/\/alperkrup.com\/es\/wp-json\/wp\/v2\/media?parent=547"}],"curies":[{"name":"wp","href":"https:\/\/api.w.org\/{rel}","templated":true}]}}