{"id":540,"date":"2024-09-30T14:00:50","date_gmt":"2024-09-30T12:00:50","guid":{"rendered":"https:\/\/alperkrup.com\/site-map\/"},"modified":"2024-10-10T12:15:59","modified_gmt":"2024-10-10T10:15:59","slug":"mapa-del-sitio","status":"publish","type":"page","link":"https:\/\/alperkrup.com\/es\/mapa-del-sitio\/","title":{"rendered":"MAPA DEL SITIO"},"content":{"rendered":"<p><strong><div class=\"wsp-container\"><h2 class=\"wsp-pages-title\">P\u00e1ginas<\/h2>\n<ul class=\"wsp-pages-list\">\n<li class=\"page_item page-item-518\"><a href=\"https:\/\/alperkrup.com\/es\/servicios-y-consultoria\/\">SERVICIOS Y CONSULTOR\u00cdA<\/a><\/li>\n<li class=\"page_item page-item-549\"><a href=\"https:\/\/alperkrup.com\/es\/declaracion-de-accesibilidad\/\">DECLARACI\u00d3N DE ACCESIBILIDAD<\/a><\/li>\n<li class=\"page_item page-item-547\"><a href=\"https:\/\/alperkrup.com\/es\/politica-de-cookies\/\">POL\u00cdTICA DE COOKIES<\/a><\/li>\n<li class=\"page_item page-item-545\"><a href=\"https:\/\/alperkrup.com\/es\/politica-de-privacidad\/\">POL\u00cdTICA DE PRIVACIDAD<\/a><\/li>\n<li class=\"page_item page-item-543\"><a href=\"https:\/\/alperkrup.com\/es\/aviso-legal\/\">AVISO LEGAL<\/a><\/li>\n<li class=\"page_item page-item-540\"><a href=\"https:\/\/alperkrup.com\/es\/mapa-del-sitio\/\">MAPA DEL SITIO<\/a><\/li>\n<li class=\"page_item page-item-506\"><a href=\"https:\/\/alperkrup.com\/es\/alimentos-para-animales\/\">ALIMENTOS PARA ANIMALES<\/a><\/li>\n<li class=\"page_item page-item-527\"><a href=\"https:\/\/alperkrup.com\/es\/contacta\/\">CONTACTO<\/a><\/li>\n<li class=\"page_item page-item-513\"><a href=\"https:\/\/alperkrup.com\/es\/novedades\/\">NOVEDADES<\/a><\/li>\n<li class=\"page_item page-item-500\"><a href=\"https:\/\/alperkrup.com\/es\/\">HOME<\/a><\/li>\n<\/ul>\n<\/div><\/strong><\/p>\n<div class=\"wsp-container\"><h2 class=\"wsp-posts-title\">Posts por categor\u00eda<\/h2>\n<ul class=\"wsp-posts-list\">\n\t<li><strong class=\"wsp-category-title\">Category: <a href=\"https:\/\/alperkrup.com\/es\/category\/novedades\/\">Novedades<\/a><\/strong>\n<ul class=\"wsp-posts-list\">\t\t<li class=\"wsp-post\"><a href=\"https:\/\/alperkrup.com\/es\/sustainable-animal-nutrition\/\">Sustainability in Animal Nutrition: Responsible Ingredients for a Greener Future<\/a><\/li>\n\t\t<li class=\"wsp-post\"><a href=\"https:\/\/alperkrup.com\/es\/salud-intestinal\/\">Salud intestinal en animales<\/a><\/li>\n\t\t<li class=\"wsp-post\"><a href=\"https:\/\/alperkrup.com\/es\/alper-krup-alimentacion\/\">Ingredientes para alimentaci\u00f3n animal<\/a><\/li>\n\t\t<li class=\"wsp-post\"><a href=\"https:\/\/alperkrup.com\/es\/los-mejores-ingredientes-para-piensos-con-alta-eficiencia-energetica\/\">Los mejores ingredientes para piensos con alta eficiencia energ\u00e9tica<\/a><\/li>\n\t\t<li class=\"wsp-post\"><a href=\"https:\/\/alperkrup.com\/es\/mas-de-un-siglo-conectando-industrias-y-mejorando-la-nutricion-animal\/\">Alper Krup: m\u00e1s de un siglo conectando industrias y mejorando la nutrici\u00f3n animal<\/a><\/li>\n\t\t<li class=\"wsp-post\"><a href=\"https:\/\/alperkrup.com\/es\/como-afecta-la-calidad-de-los-aceites-vegetales\/\">\u00bfC\u00f3mo afecta la calidad de los aceites vegetales al crecimiento animal?<\/a><\/li>\n\t\t<li class=\"wsp-post\"><a href=\"https:\/\/alperkrup.com\/es\/vitamina-e\/\">Aceites vegetales con alto contenido de vitamina E<\/a><\/li>\n\t\t<li class=\"wsp-post\"><a href=\"https:\/\/alperkrup.com\/es\/el-valor-de-la-consultoria-en-alimentacion-animal-y-humana\/\">M\u00e1s all\u00e1 de la materia prima: el valor de la consultor\u00eda en alimentaci\u00f3n animal y humana<\/a><\/li>\n\t\t<li class=\"wsp-post\"><a href=\"https:\/\/alperkrup.com\/es\/salud-intestinal-sin-antibioticos-el-rol-de-los-acidos-grasos-de-cadena-media-mcfa\/\">Salud intestinal sin antibi\u00f3ticos: el rol de los \u00e1cidos grasos de cadena media (MCFA)<\/a><\/li>\n\t\t<li class=\"wsp-post\"><a href=\"https:\/\/alperkrup.com\/es\/consultoria-tecnica-en-nutricion-animal-valor-anadido-para-tu-negocio\/\">Consultor\u00eda t\u00e9cnica en nutrici\u00f3n animal: valor a\u00f1adido para tu negocio<\/a><\/li>\n\t\t<li class=\"wsp-post\"><a href=\"https:\/\/alperkrup.com\/es\/salud-intestinal-animal-por-que-es-fundamental-para-la-productividad\/\">Salud intestinal animal: \u00bfpor qu\u00e9 es fundamental para la productividad?<\/a><\/li>\n\t\t<li class=\"wsp-post\"><a href=\"https:\/\/alperkrup.com\/es\/ingredientes-funcionales-en-la-alimentacion-animal-y-nutricion\/\">Ingredientes funcionales en la alimentaci\u00f3n animal: m\u00e1s all\u00e1 de la nutrici\u00f3n<\/a><\/li>\n\t\t<li class=\"wsp-post\"><a href=\"https:\/\/alperkrup.com\/es\/diferencias-en-la-formulacion-de-piensos-animales-para-distintas-especies-y-edades\/\">Diferencias en la formulaci\u00f3n de piensos para distintas especies y edades<\/a><\/li>\n\t\t<li class=\"wsp-post\"><a href=\"https:\/\/alperkrup.com\/es\/garantizar-ingredientes-de-calidad-en-cada-etapa-de-la-vida-de-un-animal\/\">Garantizar ingredientes de calidad en cada etapa de la vida de un animal<\/a><\/li>\n\t\t<li class=\"wsp-post\"><a href=\"https:\/\/alperkrup.com\/es\/el-papel-de-la-vitamina-e-y-la-colina-en-la-nutricion-animal\/\">El papel de la vitamina E y la colina en la nutrici\u00f3n animal<\/a><\/li>\n\t\t<li class=\"wsp-post\"><a href=\"https:\/\/alperkrup.com\/es\/el-poder-del-acido-linoleico-y-el-acido-oleico-en-la-nutricion-animal\/\">El poder del \u00e1cido linoleico y el \u00e1cido oleico en la nutrici\u00f3n animal<\/a><\/li>\n\t\t<li class=\"wsp-post\"><a href=\"https:\/\/alperkrup.com\/es\/lecitinas-un-ingrediente-esencial-en-la-produccion-de-alimentos-para-animales\/\">Lecitinas: Un ingrediente esencial en la producci\u00f3n de alimentos para animales<\/a><\/li>\n\t\t<li class=\"wsp-post\"><a href=\"https:\/\/alperkrup.com\/es\/la-importancia-de-una-dieta-equilibrada-en-el-rendimiento-de-animales-de-produccion\/\">La Importancia de una dieta equilibrada en el rendimiento de animales de producci\u00f3n<\/a><\/li>\n\t\t<li class=\"wsp-post\"><a href=\"https:\/\/alperkrup.com\/es\/salud-intestinal-en-animales-clave-para-un-rendimiento-optimo\/\">Salud intestinal en animales: clave para un rendimiento \u00f3ptimo<\/a><\/li>\n\t\t<li class=\"wsp-post\"><a href=\"https:\/\/alperkrup.com\/es\/alimentacion-personalizada-piensos\/\">Alimentaci\u00f3n personalizada: piensos a la medida para especies y fases de crecimiento<\/a><\/li>\n\t\t<li class=\"wsp-post\"><a href=\"https:\/\/alperkrup.com\/es\/eficiencia-digestiva-de-los-animales\/\">Impacto de los ingredientes especiales en la eficiencia digestiva de los animales<\/a><\/li>\n\t\t<li class=\"wsp-post\"><a href=\"https:\/\/alperkrup.com\/es\/mejorando-la-nutricion-animal-con-ingredientes-de-calidad\/\">Mejorando la nutrici\u00f3n animal con ingredientes de calidad<\/a><\/li>\n\t\t<li class=\"wsp-post\"><a href=\"https:\/\/alperkrup.com\/es\/abastecimiento-sostenible-y-practicas-eticas-en-ingredientes-para-piensos-animales\/\">Abastecimiento sostenible y pr\u00e1cticas \u00e9ticas en ingredientes para piensos animales<\/a><\/li>\n<\/ul><\/li>\n<\/ul>\n<\/div>\n","protected":false},"excerpt":{"rendered":"","protected":false},"author":1,"featured_media":0,"parent":0,"menu_order":0,"comment_status":"closed","ping_status":"closed","template":"","meta":{"_et_pb_use_builder":"","_et_pb_old_content":"","_et_gb_content_width":"","footnotes":""},"class_list":["post-540","page","type-page","status-publish","hentry"],"yoast_head":"<!-- This site is optimized with the Yoast SEO plugin v27.4 - https:\/\/yoast.com\/product\/yoast-seo-wordpress\/ -->\n<title>MAPA DEL SITIO - ALPER KRUP | Comercial and technical consultancy for animal feed, fuels and biofuels industries<\/title>\n<meta name=\"robots\" content=\"index, follow, max-snippet:-1, max-image-preview:large, max-video-preview:-1\" \/>\n<link rel=\"canonical\" href=\"https:\/\/alperkrup.com\/es\/mapa-del-sitio\/\" \/>\n<meta property=\"og:locale\" content=\"es_ES\" \/>\n<meta property=\"og:type\" content=\"article\" \/>\n<meta property=\"og:title\" content=\"MAPA DEL SITIO - ALPER KRUP | Comercial and technical consultancy for animal feed, fuels and biofuels industries\" \/>\n<meta property=\"og:url\" content=\"https:\/\/alperkrup.com\/es\/mapa-del-sitio\/\" \/>\n<meta property=\"og:site_name\" content=\"ALPER KRUP | Comercial and technical consultancy for animal feed, fuels and biofuels industries\" \/>\n<meta property=\"article:modified_time\" content=\"2024-10-10T10:15:59+00:00\" \/>\n<meta property=\"og:image\" content=\"https:\/\/alperkrup.com\/wp-content\/uploads\/2024\/10\/chemist-lab-coat-rubber-gloves-vigorously-shaking-yellow-samples-before-analysis.jpg\" \/>\n\t<meta property=\"og:image:width\" content=\"1500\" \/>\n\t<meta property=\"og:image:height\" content=\"1000\" \/>\n\t<meta property=\"og:image:type\" content=\"image\/jpeg\" \/>\n<meta name=\"twitter:label1\" content=\"Tiempo de lectura\" \/>\n\t<meta name=\"twitter:data1\" content=\"1 minuto\" \/>\n<script type=\"application\/ld+json\" class=\"yoast-schema-graph\">{\"@context\":\"https:\\\/\\\/schema.org\",\"@graph\":[{\"@type\":\"WebPage\",\"@id\":\"https:\\\/\\\/alperkrup.com\\\/es\\\/mapa-del-sitio\\\/\",\"url\":\"https:\\\/\\\/alperkrup.com\\\/es\\\/mapa-del-sitio\\\/\",\"name\":\"MAPA DEL SITIO - ALPER KRUP | Comercial and technical consultancy for animal feed, fuels and biofuels industries\",\"isPartOf\":{\"@id\":\"https:\\\/\\\/alperkrup.com\\\/#website\"},\"datePublished\":\"2024-09-30T12:00:50+00:00\",\"dateModified\":\"2024-10-10T10:15:59+00:00\",\"breadcrumb\":{\"@id\":\"https:\\\/\\\/alperkrup.com\\\/es\\\/mapa-del-sitio\\\/#breadcrumb\"},\"inLanguage\":\"es\",\"potentialAction\":[{\"@type\":\"ReadAction\",\"target\":[\"https:\\\/\\\/alperkrup.com\\\/es\\\/mapa-del-sitio\\\/\"]}]},{\"@type\":\"BreadcrumbList\",\"@id\":\"https:\\\/\\\/alperkrup.com\\\/es\\\/mapa-del-sitio\\\/#breadcrumb\",\"itemListElement\":[{\"@type\":\"ListItem\",\"position\":1,\"name\":\"Portada\",\"item\":\"https:\\\/\\\/alperkrup.com\\\/es\\\/\"},{\"@type\":\"ListItem\",\"position\":2,\"name\":\"MAPA DEL SITIO\"}]},{\"@type\":\"WebSite\",\"@id\":\"https:\\\/\\\/alperkrup.com\\\/#website\",\"url\":\"https:\\\/\\\/alperkrup.com\\\/\",\"name\":\"ALPER KRUP | Comercial and technical consultancy for animal feed, fuels and biofuels industries\",\"description\":\"We offer ingredients that improve animal gut health.\",\"publisher\":{\"@id\":\"https:\\\/\\\/alperkrup.com\\\/#organization\"},\"alternateName\":\"Alper Krup\",\"potentialAction\":[{\"@type\":\"SearchAction\",\"target\":{\"@type\":\"EntryPoint\",\"urlTemplate\":\"https:\\\/\\\/alperkrup.com\\\/?s={search_term_string}\"},\"query-input\":{\"@type\":\"PropertyValueSpecification\",\"valueRequired\":true,\"valueName\":\"search_term_string\"}}],\"inLanguage\":\"es\"},{\"@type\":\"Organization\",\"@id\":\"https:\\\/\\\/alperkrup.com\\\/#organization\",\"name\":\"Alper Krup\",\"alternateName\":\"Comercial and thecnical consultancy for animal feed\",\"url\":\"https:\\\/\\\/alperkrup.com\\\/\",\"logo\":{\"@type\":\"ImageObject\",\"inLanguage\":\"es\",\"@id\":\"https:\\\/\\\/alperkrup.com\\\/#\\\/schema\\\/logo\\\/image\\\/\",\"url\":\"https:\\\/\\\/alperkrup.com\\\/wp-content\\\/uploads\\\/2024\\\/09\\\/Alper-Krup-01.png\",\"contentUrl\":\"https:\\\/\\\/alperkrup.com\\\/wp-content\\\/uploads\\\/2024\\\/09\\\/Alper-Krup-01.png\",\"width\":1004,\"height\":296,\"caption\":\"Alper Krup\"},\"image\":{\"@id\":\"https:\\\/\\\/alperkrup.com\\\/#\\\/schema\\\/logo\\\/image\\\/\"}}]}<\/script>\n<!-- \/ Yoast SEO plugin. -->","yoast_head_json":{"title":"MAPA DEL SITIO - ALPER KRUP | Comercial and technical consultancy for animal feed, fuels and biofuels industries","robots":{"index":"index","follow":"follow","max-snippet":"max-snippet:-1","max-image-preview":"max-image-preview:large","max-video-preview":"max-video-preview:-1"},"canonical":"https:\/\/alperkrup.com\/es\/mapa-del-sitio\/","og_locale":"es_ES","og_type":"article","og_title":"MAPA DEL SITIO - ALPER KRUP | Comercial and technical consultancy for animal feed, fuels and biofuels industries","og_url":"https:\/\/alperkrup.com\/es\/mapa-del-sitio\/","og_site_name":"ALPER KRUP | Comercial and technical consultancy for animal feed, fuels and biofuels industries","article_modified_time":"2024-10-10T10:15:59+00:00","og_image":[{"width":1500,"height":1000,"url":"https:\/\/alperkrup.com\/wp-content\/uploads\/2024\/10\/chemist-lab-coat-rubber-gloves-vigorously-shaking-yellow-samples-before-analysis.jpg","type":"image\/jpeg"}],"twitter_misc":{"Tiempo de lectura":"1 minuto"},"schema":{"@context":"https:\/\/schema.org","@graph":[{"@type":"WebPage","@id":"https:\/\/alperkrup.com\/es\/mapa-del-sitio\/","url":"https:\/\/alperkrup.com\/es\/mapa-del-sitio\/","name":"MAPA DEL SITIO - ALPER KRUP | Comercial and technical consultancy for animal feed, fuels and biofuels industries","isPartOf":{"@id":"https:\/\/alperkrup.com\/#website"},"datePublished":"2024-09-30T12:00:50+00:00","dateModified":"2024-10-10T10:15:59+00:00","breadcrumb":{"@id":"https:\/\/alperkrup.com\/es\/mapa-del-sitio\/#breadcrumb"},"inLanguage":"es","potentialAction":[{"@type":"ReadAction","target":["https:\/\/alperkrup.com\/es\/mapa-del-sitio\/"]}]},{"@type":"BreadcrumbList","@id":"https:\/\/alperkrup.com\/es\/mapa-del-sitio\/#breadcrumb","itemListElement":[{"@type":"ListItem","position":1,"name":"Portada","item":"https:\/\/alperkrup.com\/es\/"},{"@type":"ListItem","position":2,"name":"MAPA DEL SITIO"}]},{"@type":"WebSite","@id":"https:\/\/alperkrup.com\/#website","url":"https:\/\/alperkrup.com\/","name":"ALPER KRUP | Comercial and technical consultancy for animal feed, fuels and biofuels industries","description":"We offer ingredients that improve animal gut health.","publisher":{"@id":"https:\/\/alperkrup.com\/#organization"},"alternateName":"Alper Krup","potentialAction":[{"@type":"SearchAction","target":{"@type":"EntryPoint","urlTemplate":"https:\/\/alperkrup.com\/?s={search_term_string}"},"query-input":{"@type":"PropertyValueSpecification","valueRequired":true,"valueName":"search_term_string"}}],"inLanguage":"es"},{"@type":"Organization","@id":"https:\/\/alperkrup.com\/#organization","name":"Alper Krup","alternateName":"Comercial and thecnical consultancy for animal feed","url":"https:\/\/alperkrup.com\/","logo":{"@type":"ImageObject","inLanguage":"es","@id":"https:\/\/alperkrup.com\/#\/schema\/logo\/image\/","url":"https:\/\/alperkrup.com\/wp-content\/uploads\/2024\/09\/Alper-Krup-01.png","contentUrl":"https:\/\/alperkrup.com\/wp-content\/uploads\/2024\/09\/Alper-Krup-01.png","width":1004,"height":296,"caption":"Alper Krup"},"image":{"@id":"https:\/\/alperkrup.com\/#\/schema\/logo\/image\/"}}]}},"_links":{"self":[{"href":"https:\/\/alperkrup.com\/es\/wp-json\/wp\/v2\/pages\/540","targetHints":{"allow":["GET"]}}],"collection":[{"href":"https:\/\/alperkrup.com\/es\/wp-json\/wp\/v2\/pages"}],"about":[{"href":"https:\/\/alperkrup.com\/es\/wp-json\/wp\/v2\/types\/page"}],"author":[{"embeddable":true,"href":"https:\/\/alperkrup.com\/es\/wp-json\/wp\/v2\/users\/1"}],"replies":[{"embeddable":true,"href":"https:\/\/alperkrup.com\/es\/wp-json\/wp\/v2\/comments?post=540"}],"version-history":[{"count":1,"href":"https:\/\/alperkrup.com\/es\/wp-json\/wp\/v2\/pages\/540\/revisions"}],"predecessor-version":[{"id":541,"href":"https:\/\/alperkrup.com\/es\/wp-json\/wp\/v2\/pages\/540\/revisions\/541"}],"wp:attachment":[{"href":"https:\/\/alperkrup.com\/es\/wp-json\/wp\/v2\/media?parent=540"}],"curies":[{"name":"wp","href":"https:\/\/api.w.org\/{rel}","templated":true}]}}