{"id":518,"date":"2024-09-30T12:38:51","date_gmt":"2024-09-30T10:38:51","guid":{"rendered":"https:\/\/alperkrup.com\/services-and-consultancy\/"},"modified":"2024-10-14T12:15:28","modified_gmt":"2024-10-14T10:15:28","slug":"servicios-y-consultoria","status":"publish","type":"page","link":"https:\/\/alperkrup.com\/es\/servicios-y-consultoria\/","title":{"rendered":"SERVICIOS Y CONSULTOR\u00cdA"},"content":{"rendered":"[et_pb_section fb_built=\u00bb1&#8243; admin_label=\u00bbHeader\u00bb _builder_version=\u00bb4.27.2&#8243; _module_preset=\u00bbdefault\u00bb use_background_color_gradient=\u00bbon\u00bb background_color_gradient_stops=\u00bbrgba(10,0,0,0) 0%|rgba(38,16,4,0.95) 100%\u00bb background_color_gradient_overlays_image=\u00bbon\u00bb background_image=\u00bbhttps:\/\/alperkrup.com\/wp-content\/uploads\/2024\/10\/glass-liquid-with-dropper-it.jpg\u00bb custom_padding=\u00bb8vw||8vw||true|false\u00bb locked=\u00bboff\u00bb collapsed=\u00bbon\u00bb global_colors_info=\u00bb{}\u00bb][et_pb_row _builder_version=\u00bb4.27.0&#8243; _module_preset=\u00bbdefault\u00bb width=\u00bb1000px\u00bb width_tablet=\u00bb80%\u00bb width_phone=\u00bb80%\u00bb width_last_edited=\u00bbon|tablet\u00bb global_colors_info=\u00bb{}\u00bb][et_pb_column type=\u00bb4_4&#8243; _builder_version=\u00bb4.17.4&#8243; _module_preset=\u00bbdefault\u00bb global_colors_info=\u00bb{}\u00bb][et_pb_text _builder_version=\u00bb4.27.0&#8243; _module_preset=\u00bbc16985e1-e0d6-4022-964d-e2bfc04fa633&#8243; header_font=\u00bb|600|||||||\u00bb header_text_color=\u00bb#FFFFFF\u00bb header_font_size=\u00bb70px\u00bb header_line_height=\u00bb1.2em\u00bb text_orientation=\u00bbcenter\u00bb header_font_size_tablet=\u00bb40px\u00bb header_font_size_phone=\u00bb24px\u00bb header_font_size_last_edited=\u00bbon|desktop\u00bb global_colors_info=\u00bb{}\u00bb]\n<h1><strong>Servicios y Consultor\u00eda<\/strong><\/h1>\n[\/et_pb_text][\/et_pb_column][\/et_pb_row][\/et_pb_section][et_pb_section fb_built=\u00bb1&#8243; admin_label=\u00bbFeature\u00bb _builder_version=\u00bb4.27.0&#8243; _module_preset=\u00bbdefault\u00bb background_enable_color=\u00bboff\u00bb locked=\u00bboff\u00bb collapsed=\u00bbon\u00bb global_colors_info=\u00bb{}\u00bb][et_pb_row column_structure=\u00bb1_2,1_2&#8243; use_custom_gutter=\u00bbon\u00bb make_equal=\u00bbon\u00bb _builder_version=\u00bb4.27.2&#8243; _module_preset=\u00bbdefault\u00bb global_colors_info=\u00bb{}\u00bb][et_pb_column type=\u00bb1_2&#8243; _builder_version=\u00bb4.27.2&#8243; _module_preset=\u00bbdefault\u00bb background_image=\u00bbhttps:\/\/alperkrup.com\/wp-content\/uploads\/2024\/10\/chemist-lab-coat-rubber-gloves-vigorously-shaking-yellow-samples-before-analysis.jpg\u00bb global_colors_info=\u00bb{}\u00bb][et_pb_divider show_divider=\u00bboff\u00bb _builder_version=\u00bb4.17.4&#8243; _module_preset=\u00bbdefault\u00bb height_tablet=\u00bb40vw\u00bb height_phone=\u00bb40vw\u00bb height_last_edited=\u00bbon|phone\u00bb global_colors_info=\u00bb{}\u00bb][\/et_pb_divider][\/et_pb_column][et_pb_column type=\u00bb1_2&#8243; _builder_version=\u00bb4.17.4&#8243; _module_preset=\u00bbdefault\u00bb custom_padding=\u00bb|40px|80px|40px|false|true\u00bb custom_padding_tablet=\u00bb|30px|30px|30px|false|true\u00bb custom_padding_phone=\u00bb|20px|20px|20px|false|true\u00bb custom_padding_last_edited=\u00bbon|phone\u00bb border_width_all=\u00bb4px\u00bb border_color_all=\u00bb#0A0A0A\u00bb global_colors_info=\u00bb{}\u00bb][et_pb_text _builder_version=\u00bb4.27.2&#8243; _module_preset=\u00bbe6504a1b-67eb-4b3d-b023-bcab277610b6&#8243; header_4_font=\u00bb&#8211;et_global_body_font|700||on|||||\u00bb header_4_text_color=\u00bbrgba(0,0,0,0.62)\u00bb header_4_font_size=\u00bb14px\u00bb header_4_letter_spacing=\u00bb0.3em\u00bb header_4_line_height=\u00bb1.4em\u00bb background_color=\u00bb#FFFFFF\u00bb text_orientation=\u00bbcenter\u00bb width=\u00bb65%\u00bb module_alignment=\u00bbcenter\u00bb custom_margin=\u00bb-10px||60px||false|false\u00bb custom_margin_tablet=\u00bb-10px||30px||false|false\u00bb custom_margin_phone=\u00bb-10px||30px||false|false\u00bb custom_margin_last_edited=\u00bbon|tablet\u00bb custom_padding=\u00bb|3%||3%|false|true\u00bb global_colors_info=\u00bb{}\u00bb]\n<h4>Servicios y Consultor\u00eda<\/h4>\n[\/et_pb_text][et_pb_text _builder_version=\u00bb4.27.0&#8243; _module_preset=\u00bb1f09816e-184e-4ce5-a4cf-b39c52c423ca\u00bb text_font=\u00bb||||||||\u00bb text_text_color=\u00bb#666666&#8243; text_font_size=\u00bb16px\u00bb text_line_height=\u00bb1.8em\u00bb text_orientation=\u00bbcenter\u00bb text_font_size_tablet=\u00bb15px\u00bb text_font_size_phone=\u00bb14px\u00bb text_font_size_last_edited=\u00bbon|phone\u00bb header_font_size_tablet=\u00bb55px\u00bb header_font_size_last_edited=\u00bboff|desktop\u00bb global_colors_info=\u00bb{}\u00bb]\n<p style=\"text-align: justify;\">Gracias a nuestra experiencia en el comercio de materias primas y en las industrias de alimentaci\u00f3n animal y humana, hemos desarrollado conexiones y adquirido conocimientos en sectores como el alimentario, qu\u00edmico, energ\u00e9tico y de combustibles. Por ello, ofrecemos servicios de consultor\u00eda y agencia adaptados a varias industrias, incluyendo alimentos, productos qu\u00edmicos, energ\u00eda y combustibles.<\/p>\n[\/et_pb_text][\/et_pb_column][\/et_pb_row][\/et_pb_section][et_pb_section fb_built=\u00bb1&#8243; admin_label=\u00bbCall to Action\u00bb _builder_version=\u00bb4.27.0&#8243; _module_preset=\u00bbdefault\u00bb background_enable_color=\u00bboff\u00bb custom_padding=\u00bb0px|||||\u00bb locked=\u00bboff\u00bb collapsed=\u00bboff\u00bb global_colors_info=\u00bb{}\u00bb][et_pb_row column_structure=\u00bb1_3,1_3,1_3&#8243; use_custom_gutter=\u00bbon\u00bb make_equal=\u00bbon\u00bb _builder_version=\u00bb4.27.2&#8243; _module_preset=\u00bbdefault\u00bb locked=\u00bboff\u00bb global_colors_info=\u00bb{}\u00bb custom_padding__hover_enabled=\u00bboff|desktop\u00bb][et_pb_column type=\u00bb1_3&#8243; _builder_version=\u00bb4.27.2&#8243; _module_preset=\u00bbdefault\u00bb use_background_color_gradient=\u00bbon\u00bb background_color_gradient_stops=\u00bbrgba(53,28,10,0.39) 0%|rgba(35,23,7,0.66) 99%\u00bb background_color_gradient_overlays_image=\u00bbon\u00bb background_image=\u00bbhttps:\/\/alperkrup.com\/wp-content\/uploads\/2024\/10\/group-pigs-sleeping-pig-farm-scaled.jpg\u00bb background_size=\u00bbcustom\u00bb background_image_width=\u00bb180%\u00bb custom_padding=\u00bb95px|30px|95px|30px|true|true\u00bb custom_padding_tablet=\u00bb50px|50px|50px|50px|true|true\u00bb custom_padding_phone=\u00bb30px|30px|30px|30px|true|true\u00bb custom_padding_last_edited=\u00bbon|phone\u00bb border_width_all=\u00bb10px\u00bb border_color_all=\u00bbRGBA(255,255,255,0)\u00bb box_shadow_style=\u00bbpreset7&#8243; box_shadow_horizontal=\u00bb0px\u00bb box_shadow_vertical=\u00bb0px\u00bb box_shadow_spread=\u00bb3px\u00bb box_shadow_color=\u00bb#FFFFFF\u00bb global_colors_info=\u00bb{}\u00bb][et_pb_text _builder_version=\u00bb4.27.2&#8243; _module_preset=\u00bbaaa7c440-590a-4078-ae0c-0f3c699ac51c\u00bb header_font=\u00bb||||||||\u00bb header_3_font=\u00bb|700|||||||\u00bb header_3_text_color=\u00bb#FFFFFF\u00bb header_3_font_size=\u00bb25px\u00bb header_3_line_height=\u00bb1.4em\u00bb text_orientation=\u00bbcenter\u00bb custom_margin=\u00bb||0px||false|false\u00bb header_3_font_size_tablet=\u00bb\u00bb header_3_font_size_phone=\u00bb20px\u00bb header_3_font_size_last_edited=\u00bbon|phone\u00bb global_colors_info=\u00bb{}\u00bb]\n<h3>Novedades<\/h3>\n[\/et_pb_text][et_pb_button button_url=\u00bbhttps:\/\/alperkrup.com\/es\/novedades\/\u00bb button_text=\u00bbLeer m\u00e1s\u00bb button_alignment=\u00bbcenter\u00bb _builder_version=\u00bb4.27.2&#8243; _module_preset=\u00bb31b4f027-aaa0-4f2f-ae02-959764e19e4f\u00bb custom_button=\u00bbon\u00bb button_text_size=\u00bb14px\u00bb button_text_color=\u00bb#000000&#8243; button_bg_color=\u00bb#FFFFFF\u00bb button_border_width=\u00bb0px\u00bb button_border_radius=\u00bb0px\u00bb button_font=\u00bb|700||on|||||\u00bb custom_padding=\u00bb16px|24px|16px|24px|true|true\u00bb global_colors_info=\u00bb{}\u00bb][\/et_pb_button][\/et_pb_column][et_pb_column type=\u00bb1_3&#8243; _builder_version=\u00bb4.27.2&#8243; _module_preset=\u00bbdefault\u00bb use_background_color_gradient=\u00bbon\u00bb background_color_gradient_stops=\u00bbrgba(53,28,10,0.39) 0%|rgba(35,23,7,0.66) 99%\u00bb background_color_gradient_overlays_image=\u00bbon\u00bb background_image=\u00bbhttps:\/\/alperkrup.com\/wp-content\/uploads\/2024\/10\/5030.jpg\u00bb background_size=\u00bbcustom\u00bb background_image_width=\u00bb180%\u00bb custom_padding=\u00bb95px|30px|95px|30px|true|true\u00bb custom_padding_tablet=\u00bb50px|50px|50px|50px|true|true\u00bb custom_padding_phone=\u00bb30px|30px|30px|30px|true|true\u00bb custom_padding_last_edited=\u00bbon|phone\u00bb border_width_all=\u00bb10px\u00bb border_color_all=\u00bbRGBA(255,255,255,0)\u00bb box_shadow_style=\u00bbpreset7&#8243; box_shadow_horizontal=\u00bb0px\u00bb box_shadow_vertical=\u00bb0px\u00bb box_shadow_spread=\u00bb3px\u00bb box_shadow_color=\u00bb#FFFFFF\u00bb global_colors_info=\u00bb{}\u00bb][et_pb_text _builder_version=\u00bb4.27.2&#8243; _module_preset=\u00bbaaa7c440-590a-4078-ae0c-0f3c699ac51c\u00bb header_font=\u00bb||||||||\u00bb header_3_font=\u00bb|700|||||||\u00bb header_3_text_color=\u00bb#FFFFFF\u00bb header_3_font_size=\u00bb25px\u00bb header_3_line_height=\u00bb1.4em\u00bb text_orientation=\u00bbcenter\u00bb custom_margin=\u00bb||0px||false|false\u00bb header_3_font_size_tablet=\u00bb\u00bb header_3_font_size_phone=\u00bb20px\u00bb header_3_font_size_last_edited=\u00bbon|phone\u00bb locked=\u00bboff\u00bb global_colors_info=\u00bb{}\u00bb]\n<h3>Alimento para animales<\/h3>\n[\/et_pb_text][et_pb_button button_url=\u00bbhttps:\/\/alperkrup.com\/es\/alimentos-para-animales\/\u00bb button_text=\u00bbLeer m\u00e1s\u00bb button_alignment=\u00bbcenter\u00bb _builder_version=\u00bb4.27.2&#8243; _module_preset=\u00bb77f3245f-98f6-4b47-9129-109c3b966f7a\u00bb custom_button=\u00bbon\u00bb button_text_size=\u00bb14px\u00bb button_text_color=\u00bb#000000&#8243; button_bg_color=\u00bb#FFFFFF\u00bb button_border_width=\u00bb0px\u00bb button_border_radius=\u00bb0px\u00bb button_font=\u00bb|700||on|||||\u00bb custom_padding=\u00bb16px|24px|16px|24px|true|true\u00bb global_colors_info=\u00bb{}\u00bb][\/et_pb_button][et_pb_code _builder_version=\u00bb4.27.2&#8243; _module_preset=\u00bbdefault\u00bb hover_enabled=\u00bb0&#8243; sticky_enabled=\u00bb0&#8243;]<span class=\"collapseomatic \" id=\"id69e1717cada74\"  tabindex=\"0\" title=\"\"    ><\/span><div id=\"target-id69e1717cada74\" class=\"collapseomatic_content \"><!-- [et_pb_line_break_holder] --><a href=\"https:\/\/www.instagram.com\/\"><\/a><!-- [et_pb_line_break_holder] --><img><!-- [et_pb_line_break_holder] --><img alt=\"servicios y consultor\u00eda\"><!-- [et_pb_line_break_holder] --><!-- [et_pb_line_break_holder] -->Aqu\u00ed tienes un texto de aproximadamente 300 palabras sobre la experiencia en comercio de materias primas y la oferta de servicios de consultor\u00eda:<!-- [et_pb_line_break_holder] --><!-- [et_pb_line_break_holder] -->En el din\u00e1mico mundo del comercio de materias primas, la experiencia es un factor crucial para el \u00e9xito. Gracias a nuestra trayectoria en las industrias de alimentaci\u00f3n animal y humana, hemos cultivado una vasta red de conexiones y un profundo conocimiento de diversos sectores. Nuestra especializaci\u00f3n no solo se limita a la alimentaci\u00f3n, sino que se extiende a \u00e1reas cr\u00edticas como el sector qu\u00edmico, energ\u00e9tico y de combustibles. Esta diversificaci\u00f3n nos permite ofrecer un enfoque integral a nuestros clientes, adapt\u00e1ndonos a sus necesidades espec\u00edficas.<!-- [et_pb_line_break_holder] --><!-- [et_pb_line_break_holder] -->Conexiones en el sector: A lo largo de los a\u00f1os, hemos establecido relaciones valiosas con proveedores, fabricantes y distribuidores en diferentes industrias. Estas conexiones no solo facilitan la adquisici\u00f3n de materias primas de alta calidad, sino que tambi\u00e9n garantizan un flujo constante de informaci\u00f3n sobre las tendencias del mercado y las mejores pr\u00e1cticas. Nuestra capacidad para colaborar con diferentes sectores nos coloca en una posici\u00f3n \u00fanica para entender las demandas y desaf\u00edos que enfrentan nuestros clientes.<!-- [et_pb_line_break_holder] --><!-- [et_pb_line_break_holder] -->Servicios de consultor\u00eda: En este contexto, ofrecemos servicios de consultor\u00eda adaptados a diversas industrias. Nuestro equipo de expertos brinda asesor\u00eda estrat\u00e9gica en la selecci\u00f3n de materias primas, optimizaci\u00f3n de procesos y cumplimiento de normativas. Trabajamos codo a codo con nuestros clientes para identificar oportunidades de mejora y potenciar su competitividad en el mercado.<!-- [et_pb_line_break_holder] --><!-- [et_pb_line_break_holder] -->Agencia de servicios: Adem\u00e1s, actuamos como agentes para empresas que buscan expandir su alcance en el mercado. Nuestra experiencia en comercio internacional nos permite facilitar la entrada de productos en nuevas regiones, garantizando que cumplan con las regulaciones locales y que se posicionen de manera efectiva.<!-- [et_pb_line_break_holder] --><!-- [et_pb_line_break_holder] -->En resumen, nuestra experiencia en el comercio de materias primas y nuestra capacidad para adaptarnos a diferentes industrias nos permiten ofrecer servicios de consultor\u00eda y agencia de alta calidad, contribuyendo al \u00e9xito y crecimiento de nuestros clientes.<!-- [et_pb_line_break_holder] --><!-- [et_pb_line_break_holder] --><\/div><!-- [et_pb_line_break_holder] -->[\/et_pb_code][\/et_pb_column][et_pb_column type=\u00bb1_3&#8243; _builder_version=\u00bb4.27.2&#8243; _module_preset=\u00bbdefault\u00bb use_background_color_gradient=\u00bbon\u00bb background_color_gradient_stops=\u00bbrgba(53,28,10,0.39) 0%|rgba(35,23,7,0.66) 99%\u00bb background_color_gradient_overlays_image=\u00bbon\u00bb background_image=\u00bbhttps:\/\/alperkrup.com\/wp-content\/uploads\/2024\/10\/flock-hens-farm-scaled.jpg\u00bb background_size=\u00bbcustom\u00bb background_image_width=\u00bb180%\u00bb custom_padding=\u00bb95px|30px|95px|30px|true|true\u00bb custom_padding_tablet=\u00bb50px|50px|50px|50px|true|true\u00bb custom_padding_phone=\u00bb30px|30px|30px|30px|true|true\u00bb custom_padding_last_edited=\u00bbon|phone\u00bb border_width_all=\u00bb10px\u00bb border_color_all=\u00bbRGBA(255,255,255,0)\u00bb box_shadow_style=\u00bbpreset7&#8243; box_shadow_horizontal=\u00bb0px\u00bb box_shadow_vertical=\u00bb0px\u00bb box_shadow_spread=\u00bb3px\u00bb box_shadow_color=\u00bb#FFFFFF\u00bb global_colors_info=\u00bb{}\u00bb][et_pb_text _builder_version=\u00bb4.27.2&#8243; _module_preset=\u00bbaaa7c440-590a-4078-ae0c-0f3c699ac51c\u00bb header_font=\u00bb||||||||\u00bb header_3_font=\u00bb|700|||||||\u00bb header_3_text_color=\u00bb#FFFFFF\u00bb header_3_font_size=\u00bb25px\u00bb header_3_line_height=\u00bb1.4em\u00bb text_orientation=\u00bbcenter\u00bb custom_margin=\u00bb||0px||false|false\u00bb header_3_font_size_tablet=\u00bb\u00bb header_3_font_size_phone=\u00bb20px\u00bb header_3_font_size_last_edited=\u00bbon|phone\u00bb locked=\u00bboff\u00bb global_colors_info=\u00bb{}\u00bb]\n<h3>Contacto<\/h3>\n[\/et_pb_text][et_pb_button button_url=\u00bbhttps:\/\/alperkrup.com\/es\/contacto\/\u00bb button_text=\u00bbLeer m\u00e1s\u00bb button_alignment=\u00bbcenter\u00bb _builder_version=\u00bb4.27.2&#8243; _module_preset=\u00bb77f3245f-98f6-4b47-9129-109c3b966f7a\u00bb custom_button=\u00bbon\u00bb button_text_size=\u00bb14px\u00bb button_text_color=\u00bb#000000&#8243; button_bg_color=\u00bb#FFFFFF\u00bb button_border_width=\u00bb0px\u00bb button_border_radius=\u00bb0px\u00bb button_font=\u00bb|700||on|||||\u00bb custom_padding=\u00bb16px|24px|16px|24px|true|true\u00bb global_colors_info=\u00bb{}\u00bb][\/et_pb_button][\/et_pb_column][\/et_pb_row][\/et_pb_section]\n","protected":false},"excerpt":{"rendered":"<p>Servicios y Consultor\u00edaServicios y Consultor\u00edaGracias a nuestra experiencia en el comercio de materias primas y en las industrias de alimentaci\u00f3n animal y humana, hemos desarrollado conexiones y adquirido conocimientos en sectores como el alimentario, qu\u00edmico, energ\u00e9tico y de combustibles. Por ello, ofrecemos servicios de consultor\u00eda y agencia adaptados a varias industrias, incluyendo alimentos, productos qu\u00edmicos, [&hellip;]<\/p>\n","protected":false},"author":1,"featured_media":0,"parent":0,"menu_order":0,"comment_status":"closed","ping_status":"closed","template":"","meta":{"_et_pb_use_builder":"on","_et_pb_old_content":"","_et_gb_content_width":"","footnotes":""},"class_list":["post-518","page","type-page","status-publish","hentry"],"yoast_head":"<!-- This site is optimized with the Yoast SEO plugin v27.4 - https:\/\/yoast.com\/product\/yoast-seo-wordpress\/ -->\n<title>SERVICIOS Y CONSULTOR\u00cdA - ALPER KRUP | Comercial and technical consultancy for animal feed, fuels and biofuels industries<\/title>\n<meta name=\"description\" content=\"Servicios y consultor\u00eda experta en los sectores alimentario, qu\u00edmico, energ\u00e9tico y de combustibles, con m\u00e1s de 60 a\u00f1os.\" \/>\n<meta name=\"robots\" content=\"index, follow, max-snippet:-1, max-image-preview:large, max-video-preview:-1\" \/>\n<link rel=\"canonical\" href=\"https:\/\/alperkrup.com\/es\/servicios-y-consultoria\/\" \/>\n<meta property=\"og:locale\" content=\"es_ES\" \/>\n<meta property=\"og:type\" content=\"article\" \/>\n<meta property=\"og:title\" content=\"SERVICIOS Y CONSULTOR\u00cdA - ALPER KRUP | Comercial and technical consultancy for animal feed, fuels and biofuels industries\" \/>\n<meta property=\"og:description\" content=\"Servicios y consultor\u00eda experta en los sectores alimentario, qu\u00edmico, energ\u00e9tico y de combustibles, con m\u00e1s de 60 a\u00f1os.\" \/>\n<meta property=\"og:url\" content=\"https:\/\/alperkrup.com\/es\/servicios-y-consultoria\/\" \/>\n<meta property=\"og:site_name\" content=\"ALPER KRUP | Comercial and technical consultancy for animal feed, fuels and biofuels industries\" \/>\n<meta property=\"article:modified_time\" content=\"2024-10-14T10:15:28+00:00\" \/>\n<meta property=\"og:image\" content=\"https:\/\/alperkrup.com\/wp-content\/uploads\/2024\/10\/chemist-lab-coat-rubber-gloves-vigorously-shaking-yellow-samples-before-analysis.jpg\" \/>\n\t<meta property=\"og:image:width\" content=\"1500\" \/>\n\t<meta property=\"og:image:height\" content=\"1000\" \/>\n\t<meta property=\"og:image:type\" content=\"image\/jpeg\" \/>\n<meta name=\"twitter:label1\" content=\"Tiempo de lectura\" \/>\n\t<meta name=\"twitter:data1\" content=\"3 minutos\" \/>\n<script type=\"application\/ld+json\" class=\"yoast-schema-graph\">{\"@context\":\"https:\\\/\\\/schema.org\",\"@graph\":[{\"@type\":\"WebPage\",\"@id\":\"https:\\\/\\\/alperkrup.com\\\/es\\\/servicios-y-consultoria\\\/\",\"url\":\"https:\\\/\\\/alperkrup.com\\\/es\\\/servicios-y-consultoria\\\/\",\"name\":\"SERVICIOS Y CONSULTOR\u00cdA - ALPER KRUP | Comercial and technical consultancy for animal feed, fuels and biofuels industries\",\"isPartOf\":{\"@id\":\"https:\\\/\\\/alperkrup.com\\\/#website\"},\"datePublished\":\"2024-09-30T10:38:51+00:00\",\"dateModified\":\"2024-10-14T10:15:28+00:00\",\"description\":\"Servicios y consultor\u00eda experta en los sectores alimentario, qu\u00edmico, energ\u00e9tico y de combustibles, con m\u00e1s de 60 a\u00f1os.\",\"breadcrumb\":{\"@id\":\"https:\\\/\\\/alperkrup.com\\\/es\\\/servicios-y-consultoria\\\/#breadcrumb\"},\"inLanguage\":\"es\",\"potentialAction\":[{\"@type\":\"ReadAction\",\"target\":[\"https:\\\/\\\/alperkrup.com\\\/es\\\/servicios-y-consultoria\\\/\"]}]},{\"@type\":\"BreadcrumbList\",\"@id\":\"https:\\\/\\\/alperkrup.com\\\/es\\\/servicios-y-consultoria\\\/#breadcrumb\",\"itemListElement\":[{\"@type\":\"ListItem\",\"position\":1,\"name\":\"Portada\",\"item\":\"https:\\\/\\\/alperkrup.com\\\/es\\\/\"},{\"@type\":\"ListItem\",\"position\":2,\"name\":\"SERVICIOS Y CONSULTOR\u00cdA\"}]},{\"@type\":\"WebSite\",\"@id\":\"https:\\\/\\\/alperkrup.com\\\/#website\",\"url\":\"https:\\\/\\\/alperkrup.com\\\/\",\"name\":\"ALPER KRUP | Comercial and technical consultancy for animal feed, fuels and biofuels industries\",\"description\":\"We offer ingredients that improve animal gut health.\",\"publisher\":{\"@id\":\"https:\\\/\\\/alperkrup.com\\\/#organization\"},\"alternateName\":\"Alper Krup\",\"potentialAction\":[{\"@type\":\"SearchAction\",\"target\":{\"@type\":\"EntryPoint\",\"urlTemplate\":\"https:\\\/\\\/alperkrup.com\\\/?s={search_term_string}\"},\"query-input\":{\"@type\":\"PropertyValueSpecification\",\"valueRequired\":true,\"valueName\":\"search_term_string\"}}],\"inLanguage\":\"es\"},{\"@type\":\"Organization\",\"@id\":\"https:\\\/\\\/alperkrup.com\\\/#organization\",\"name\":\"Alper Krup\",\"alternateName\":\"Comercial and thecnical consultancy for animal feed\",\"url\":\"https:\\\/\\\/alperkrup.com\\\/\",\"logo\":{\"@type\":\"ImageObject\",\"inLanguage\":\"es\",\"@id\":\"https:\\\/\\\/alperkrup.com\\\/#\\\/schema\\\/logo\\\/image\\\/\",\"url\":\"https:\\\/\\\/alperkrup.com\\\/wp-content\\\/uploads\\\/2024\\\/09\\\/Alper-Krup-01.png\",\"contentUrl\":\"https:\\\/\\\/alperkrup.com\\\/wp-content\\\/uploads\\\/2024\\\/09\\\/Alper-Krup-01.png\",\"width\":1004,\"height\":296,\"caption\":\"Alper Krup\"},\"image\":{\"@id\":\"https:\\\/\\\/alperkrup.com\\\/#\\\/schema\\\/logo\\\/image\\\/\"}}]}<\/script>\n<!-- \/ Yoast SEO plugin. -->","yoast_head_json":{"title":"SERVICIOS Y CONSULTOR\u00cdA - ALPER KRUP | Comercial and technical consultancy for animal feed, fuels and biofuels industries","description":"Servicios y consultor\u00eda experta en los sectores alimentario, qu\u00edmico, energ\u00e9tico y de combustibles, con m\u00e1s de 60 a\u00f1os.","robots":{"index":"index","follow":"follow","max-snippet":"max-snippet:-1","max-image-preview":"max-image-preview:large","max-video-preview":"max-video-preview:-1"},"canonical":"https:\/\/alperkrup.com\/es\/servicios-y-consultoria\/","og_locale":"es_ES","og_type":"article","og_title":"SERVICIOS Y CONSULTOR\u00cdA - ALPER KRUP | Comercial and technical consultancy for animal feed, fuels and biofuels industries","og_description":"Servicios y consultor\u00eda experta en los sectores alimentario, qu\u00edmico, energ\u00e9tico y de combustibles, con m\u00e1s de 60 a\u00f1os.","og_url":"https:\/\/alperkrup.com\/es\/servicios-y-consultoria\/","og_site_name":"ALPER KRUP | Comercial and technical consultancy for animal feed, fuels and biofuels industries","article_modified_time":"2024-10-14T10:15:28+00:00","og_image":[{"width":1500,"height":1000,"url":"https:\/\/alperkrup.com\/wp-content\/uploads\/2024\/10\/chemist-lab-coat-rubber-gloves-vigorously-shaking-yellow-samples-before-analysis.jpg","type":"image\/jpeg"}],"twitter_misc":{"Tiempo de lectura":"3 minutos"},"schema":{"@context":"https:\/\/schema.org","@graph":[{"@type":"WebPage","@id":"https:\/\/alperkrup.com\/es\/servicios-y-consultoria\/","url":"https:\/\/alperkrup.com\/es\/servicios-y-consultoria\/","name":"SERVICIOS Y CONSULTOR\u00cdA - ALPER KRUP | Comercial and technical consultancy for animal feed, fuels and biofuels industries","isPartOf":{"@id":"https:\/\/alperkrup.com\/#website"},"datePublished":"2024-09-30T10:38:51+00:00","dateModified":"2024-10-14T10:15:28+00:00","description":"Servicios y consultor\u00eda experta en los sectores alimentario, qu\u00edmico, energ\u00e9tico y de combustibles, con m\u00e1s de 60 a\u00f1os.","breadcrumb":{"@id":"https:\/\/alperkrup.com\/es\/servicios-y-consultoria\/#breadcrumb"},"inLanguage":"es","potentialAction":[{"@type":"ReadAction","target":["https:\/\/alperkrup.com\/es\/servicios-y-consultoria\/"]}]},{"@type":"BreadcrumbList","@id":"https:\/\/alperkrup.com\/es\/servicios-y-consultoria\/#breadcrumb","itemListElement":[{"@type":"ListItem","position":1,"name":"Portada","item":"https:\/\/alperkrup.com\/es\/"},{"@type":"ListItem","position":2,"name":"SERVICIOS Y CONSULTOR\u00cdA"}]},{"@type":"WebSite","@id":"https:\/\/alperkrup.com\/#website","url":"https:\/\/alperkrup.com\/","name":"ALPER KRUP | Comercial and technical consultancy for animal feed, fuels and biofuels industries","description":"We offer ingredients that improve animal gut health.","publisher":{"@id":"https:\/\/alperkrup.com\/#organization"},"alternateName":"Alper Krup","potentialAction":[{"@type":"SearchAction","target":{"@type":"EntryPoint","urlTemplate":"https:\/\/alperkrup.com\/?s={search_term_string}"},"query-input":{"@type":"PropertyValueSpecification","valueRequired":true,"valueName":"search_term_string"}}],"inLanguage":"es"},{"@type":"Organization","@id":"https:\/\/alperkrup.com\/#organization","name":"Alper Krup","alternateName":"Comercial and thecnical consultancy for animal feed","url":"https:\/\/alperkrup.com\/","logo":{"@type":"ImageObject","inLanguage":"es","@id":"https:\/\/alperkrup.com\/#\/schema\/logo\/image\/","url":"https:\/\/alperkrup.com\/wp-content\/uploads\/2024\/09\/Alper-Krup-01.png","contentUrl":"https:\/\/alperkrup.com\/wp-content\/uploads\/2024\/09\/Alper-Krup-01.png","width":1004,"height":296,"caption":"Alper Krup"},"image":{"@id":"https:\/\/alperkrup.com\/#\/schema\/logo\/image\/"}}]}},"_links":{"self":[{"href":"https:\/\/alperkrup.com\/es\/wp-json\/wp\/v2\/pages\/518","targetHints":{"allow":["GET"]}}],"collection":[{"href":"https:\/\/alperkrup.com\/es\/wp-json\/wp\/v2\/pages"}],"about":[{"href":"https:\/\/alperkrup.com\/es\/wp-json\/wp\/v2\/types\/page"}],"author":[{"embeddable":true,"href":"https:\/\/alperkrup.com\/es\/wp-json\/wp\/v2\/users\/1"}],"replies":[{"embeddable":true,"href":"https:\/\/alperkrup.com\/es\/wp-json\/wp\/v2\/comments?post=518"}],"version-history":[{"count":4,"href":"https:\/\/alperkrup.com\/es\/wp-json\/wp\/v2\/pages\/518\/revisions"}],"predecessor-version":[{"id":586,"href":"https:\/\/alperkrup.com\/es\/wp-json\/wp\/v2\/pages\/518\/revisions\/586"}],"wp:attachment":[{"href":"https:\/\/alperkrup.com\/es\/wp-json\/wp\/v2\/media?parent=518"}],"curies":[{"name":"wp","href":"https:\/\/api.w.org\/{rel}","templated":true}]}}