{"id":513,"date":"2024-08-28T12:39:26","date_gmt":"2024-08-28T10:39:26","guid":{"rendered":"https:\/\/alperkrup.com\/news\/"},"modified":"2024-10-14T12:10:48","modified_gmt":"2024-10-14T10:10:48","slug":"novedades","status":"publish","type":"page","link":"https:\/\/alperkrup.com\/es\/novedades\/","title":{"rendered":"NOVEDADES"},"content":{"rendered":"[et_pb_section fb_built=\u00bb1&#8243; admin_label=\u00bbHeader\u00bb _builder_version=\u00bb4.27.0&#8243; _module_preset=\u00bbdefault\u00bb use_background_color_gradient=\u00bbon\u00bb background_color_gradient_stops=\u00bbrgba(10,0,0,0) 0%|rgba(38,16,4,0.95) 100%\u00bb background_color_gradient_overlays_image=\u00bbon\u00bb background_image=\u00bbhttps:\/\/alperkrup.com\/wp-content\/uploads\/2024\/09\/close-up-oily-bubbles-droplets-colourful-watery-backdrop.png\u00bb custom_padding=\u00bb8vw||8vw||true|false\u00bb locked=\u00bboff\u00bb collapsed=\u00bbon\u00bb global_colors_info=\u00bb{}\u00bb][et_pb_row _builder_version=\u00bb4.27.0&#8243; _module_preset=\u00bbdefault\u00bb width=\u00bb1000px\u00bb width_tablet=\u00bb80%\u00bb width_phone=\u00bb80%\u00bb width_last_edited=\u00bbon|tablet\u00bb global_colors_info=\u00bb{}\u00bb][et_pb_column type=\u00bb4_4&#8243; _builder_version=\u00bb4.17.4&#8243; _module_preset=\u00bbdefault\u00bb global_colors_info=\u00bb{}\u00bb][et_pb_text _builder_version=\u00bb4.27.0&#8243; _module_preset=\u00bbc16985e1-e0d6-4022-964d-e2bfc04fa633&#8243; header_font=\u00bb|600|||||||\u00bb header_text_color=\u00bb#FFFFFF\u00bb header_font_size=\u00bb70px\u00bb header_line_height=\u00bb1.2em\u00bb text_orientation=\u00bbcenter\u00bb header_font_size_tablet=\u00bb40px\u00bb header_font_size_phone=\u00bb24px\u00bb header_font_size_last_edited=\u00bbon|desktop\u00bb global_colors_info=\u00bb{}\u00bb]\n<h1><strong>Novedades<\/strong><\/h1>\n[\/et_pb_text][et_pb_text _builder_version=\u00bb4.27.0&#8243; _module_preset=\u00bbdefault\u00bb text_text_color=\u00bb#FFFFFF\u00bb text_font_size=\u00bb17px\u00bb text_orientation=\u00bbcenter\u00bb global_colors_info=\u00bb{}\u00bb]\n<p><span>Descubre las \u00faltimas tendencias en aceites esenciales, iniciativas de sostenibilidad y eventos pr\u00f3ximos. Mantente informado mientras continuamos ofreci\u00e9ndote los mejores aceites de origen \u00e9tico de todo el mundo.<\/span><\/p>\n[\/et_pb_text][\/et_pb_column][\/et_pb_row][\/et_pb_section][et_pb_section fb_built=\u00bb1&#8243; _builder_version=\u00bb4.27.0&#8243; _module_preset=\u00bbdefault\u00bb global_colors_info=\u00bb{}\u00bb][et_pb_row _builder_version=\u00bb4.27.0&#8243; _module_preset=\u00bbdefault\u00bb global_colors_info=\u00bb{}\u00bb][et_pb_column type=\u00bb4_4&#8243; _builder_version=\u00bb4.27.0&#8243; _module_preset=\u00bbdefault\u00bb global_colors_info=\u00bb{}\u00bb][et_pb_blog_extras include_categories=\u00bb4&#8243; use_read_more_button=\u00bbon\u00bb read_more_text=\u00bbREAD MORE\u00bb show_author=\u00bboff\u00bb show_comments=\u00bboff\u00bb _builder_version=\u00bb4.27.0&#8243; _module_preset=\u00bbdefault\u00bb custom_read_more=\u00bbon\u00bb read_more_text_size=\u00bb15px\u00bb read_more_text_color=\u00bb#FFFFFF\u00bb read_more_bg_color=\u00bb#AFAFAF\u00bb global_colors_info=\u00bb{}\u00bb][\/et_pb_blog_extras][et_pb_code _builder_version=\u00bb4.27.2&#8243; _module_preset=\u00bbdefault\u00bb hover_enabled=\u00bb0&#8243; sticky_enabled=\u00bb0&#8243;]<span class=\"collapseomatic \" id=\"id69e174352ced4\"  tabindex=\"0\" title=\"\"    ><\/span><div id=\"target-id69e174352ced4\" class=\"collapseomatic_content \"><!-- [et_pb_line_break_holder] --><a href=\"https:\/\/www.instagram.com\/\"><\/a><!-- [et_pb_line_break_holder] --><img alt=\"novedades\"><!-- [et_pb_line_break_holder] -->En un mundo cada vez m\u00e1s consciente del medio ambiente y la calidad de los productos que consumimos, los aceites esenciales se han convertido en un elemento clave en el bienestar personal y el cuidado del hogar. Las \u00faltimas tendencias en aceites esenciales indican un creciente inter\u00e9s por la sostenibilidad y la \u00e9tica en su producci\u00f3n. Los consumidores est\u00e1n buscando cada vez m\u00e1s productos que no solo sean efectivos, sino tambi\u00e9n obtenidos de manera responsable, minimizando su impacto en el medio ambiente.<!-- [et_pb_line_break_holder] --><!-- [et_pb_line_break_holder] -->Las iniciativas de sostenibilidad son fundamentales en la industria de los aceites esenciales. Muchas empresas est\u00e1n adoptando pr\u00e1cticas agr\u00edcolas regenerativas, que promueven la salud del suelo y la biodiversidad. Adem\u00e1s, se est\u00e1n implementando m\u00e9todos de extracci\u00f3n m\u00e1s ecol\u00f3gicos, reduciendo el uso de solventes y procesos qu\u00edmicos que podr\u00edan comprometer la pureza de los aceites. Al elegir aceites esenciales de origen \u00e9tico, los consumidores no solo cuidan su salud, sino que tambi\u00e9n apoyan a las comunidades productoras y fomentan pr\u00e1cticas agr\u00edcolas responsables.<!-- [et_pb_line_break_holder] --><!-- [et_pb_line_break_holder] -->Por otro lado, los eventos relacionados con aceites esenciales est\u00e1n en auge, ofreciendo a los entusiastas la oportunidad de aprender sobre nuevas mezclas, t\u00e9cnicas de aplicaci\u00f3n y beneficios de estos productos. Desde ferias comerciales hasta talleres educativos, estos eventos son una excelente manera de conectarse con expertos de la industria y otros aficionados. Mantente atento a los pr\u00f3ximos eventos en tu \u00e1rea, ya que te brindar\u00e1n la oportunidad de sumergirte m\u00e1s en el mundo de los aceites esenciales.<!-- [et_pb_line_break_holder] --><!-- [et_pb_line_break_holder] -->Mantente informado mientras continuamos ofreci\u00e9ndote los mejores aceites de origen \u00e9tico de todo el mundo. Explora nuestras colecciones y descubre c\u00f3mo puedes integrar estos poderosos aceites en tu vida diaria, promoviendo el bienestar y la sostenibilidad.<!-- [et_pb_line_break_holder] --><\/div><!-- [et_pb_line_break_holder] -->[\/et_pb_code][\/et_pb_column][\/et_pb_row][\/et_pb_section]\n","protected":false},"excerpt":{"rendered":"<p>NovedadesDescubre las \u00faltimas tendencias en aceites esenciales, iniciativas de sostenibilidad y eventos pr\u00f3ximos. Mantente informado mientras continuamos ofreci\u00e9ndote los mejores aceites de origen \u00e9tico de todo el mundo.<span class=\"collapseomatic \" id=\"id69e1743544879\"  tabindex=\"0\" title=\"\"    ><\/span>En un mundo cada vez m\u00e1s consciente del medio ambiente y la calidad de los productos que consumimos, los aceites esenciales se han convertido en un elemento [&hellip;]<\/p>\n","protected":false},"author":1,"featured_media":0,"parent":0,"menu_order":0,"comment_status":"closed","ping_status":"closed","template":"","meta":{"_et_pb_use_builder":"on","_et_pb_old_content":"","_et_gb_content_width":"","footnotes":""},"class_list":["post-513","page","type-page","status-publish","hentry"],"yoast_head":"<!-- This site is optimized with the Yoast SEO plugin v27.4 - https:\/\/yoast.com\/product\/yoast-seo-wordpress\/ -->\n<title>NOVEDADES - ALPER KRUP | Comercial and technical consultancy for animal feed, fuels and biofuels industries<\/title>\n<meta name=\"description\" content=\"Todas las not\u00edcias, blogs y actualidad de Alper Krup y nuestro sector en este apartado de nuestra p\u00e1gina web.\" \/>\n<meta name=\"robots\" content=\"index, follow, max-snippet:-1, max-image-preview:large, max-video-preview:-1\" \/>\n<link rel=\"canonical\" href=\"https:\/\/alperkrup.com\/es\/novedades\/\" \/>\n<meta property=\"og:locale\" content=\"es_ES\" \/>\n<meta property=\"og:type\" content=\"article\" \/>\n<meta property=\"og:title\" content=\"NOVEDADES - ALPER KRUP | Comercial and technical consultancy for animal feed, fuels and biofuels industries\" \/>\n<meta property=\"og:description\" content=\"Todas las not\u00edcias, blogs y actualidad de Alper Krup y nuestro sector en este apartado de nuestra p\u00e1gina web.\" \/>\n<meta property=\"og:url\" content=\"https:\/\/alperkrup.com\/es\/novedades\/\" \/>\n<meta property=\"og:site_name\" content=\"ALPER KRUP | Comercial and technical consultancy for animal feed, fuels and biofuels industries\" \/>\n<meta property=\"article:modified_time\" content=\"2024-10-14T10:10:48+00:00\" \/>\n<meta property=\"og:image\" content=\"https:\/\/alperkrup.com\/wp-content\/uploads\/2024\/10\/chemist-lab-coat-rubber-gloves-vigorously-shaking-yellow-samples-before-analysis.jpg\" \/>\n\t<meta property=\"og:image:width\" content=\"1500\" \/>\n\t<meta property=\"og:image:height\" content=\"1000\" \/>\n\t<meta property=\"og:image:type\" content=\"image\/jpeg\" \/>\n<meta name=\"twitter:label1\" content=\"Tiempo de lectura\" \/>\n\t<meta name=\"twitter:data1\" content=\"3 minutos\" \/>\n<script type=\"application\/ld+json\" class=\"yoast-schema-graph\">{\"@context\":\"https:\\\/\\\/schema.org\",\"@graph\":[{\"@type\":\"WebPage\",\"@id\":\"https:\\\/\\\/alperkrup.com\\\/es\\\/novedades\\\/\",\"url\":\"https:\\\/\\\/alperkrup.com\\\/es\\\/novedades\\\/\",\"name\":\"NOVEDADES - ALPER KRUP | Comercial and technical consultancy for animal feed, fuels and biofuels industries\",\"isPartOf\":{\"@id\":\"https:\\\/\\\/alperkrup.com\\\/#website\"},\"datePublished\":\"2024-08-28T10:39:26+00:00\",\"dateModified\":\"2024-10-14T10:10:48+00:00\",\"description\":\"Todas las not\u00edcias, blogs y actualidad de Alper Krup y nuestro sector en este apartado de nuestra p\u00e1gina web.\",\"breadcrumb\":{\"@id\":\"https:\\\/\\\/alperkrup.com\\\/es\\\/novedades\\\/#breadcrumb\"},\"inLanguage\":\"es\",\"potentialAction\":[{\"@type\":\"ReadAction\",\"target\":[\"https:\\\/\\\/alperkrup.com\\\/es\\\/novedades\\\/\"]}]},{\"@type\":\"BreadcrumbList\",\"@id\":\"https:\\\/\\\/alperkrup.com\\\/es\\\/novedades\\\/#breadcrumb\",\"itemListElement\":[{\"@type\":\"ListItem\",\"position\":1,\"name\":\"Portada\",\"item\":\"https:\\\/\\\/alperkrup.com\\\/es\\\/\"},{\"@type\":\"ListItem\",\"position\":2,\"name\":\"NOVEDADES\"}]},{\"@type\":\"WebSite\",\"@id\":\"https:\\\/\\\/alperkrup.com\\\/#website\",\"url\":\"https:\\\/\\\/alperkrup.com\\\/\",\"name\":\"ALPER KRUP | Comercial and technical consultancy for animal feed, fuels and biofuels industries\",\"description\":\"We offer ingredients that improve animal gut health.\",\"publisher\":{\"@id\":\"https:\\\/\\\/alperkrup.com\\\/#organization\"},\"alternateName\":\"Alper Krup\",\"potentialAction\":[{\"@type\":\"SearchAction\",\"target\":{\"@type\":\"EntryPoint\",\"urlTemplate\":\"https:\\\/\\\/alperkrup.com\\\/?s={search_term_string}\"},\"query-input\":{\"@type\":\"PropertyValueSpecification\",\"valueRequired\":true,\"valueName\":\"search_term_string\"}}],\"inLanguage\":\"es\"},{\"@type\":\"Organization\",\"@id\":\"https:\\\/\\\/alperkrup.com\\\/#organization\",\"name\":\"Alper Krup\",\"alternateName\":\"Comercial and thecnical consultancy for animal feed\",\"url\":\"https:\\\/\\\/alperkrup.com\\\/\",\"logo\":{\"@type\":\"ImageObject\",\"inLanguage\":\"es\",\"@id\":\"https:\\\/\\\/alperkrup.com\\\/#\\\/schema\\\/logo\\\/image\\\/\",\"url\":\"https:\\\/\\\/alperkrup.com\\\/wp-content\\\/uploads\\\/2024\\\/09\\\/Alper-Krup-01.png\",\"contentUrl\":\"https:\\\/\\\/alperkrup.com\\\/wp-content\\\/uploads\\\/2024\\\/09\\\/Alper-Krup-01.png\",\"width\":1004,\"height\":296,\"caption\":\"Alper Krup\"},\"image\":{\"@id\":\"https:\\\/\\\/alperkrup.com\\\/#\\\/schema\\\/logo\\\/image\\\/\"}}]}<\/script>\n<!-- \/ Yoast SEO plugin. -->","yoast_head_json":{"title":"NOVEDADES - ALPER KRUP | Comercial and technical consultancy for animal feed, fuels and biofuels industries","description":"Todas las not\u00edcias, blogs y actualidad de Alper Krup y nuestro sector en este apartado de nuestra p\u00e1gina web.","robots":{"index":"index","follow":"follow","max-snippet":"max-snippet:-1","max-image-preview":"max-image-preview:large","max-video-preview":"max-video-preview:-1"},"canonical":"https:\/\/alperkrup.com\/es\/novedades\/","og_locale":"es_ES","og_type":"article","og_title":"NOVEDADES - ALPER KRUP | Comercial and technical consultancy for animal feed, fuels and biofuels industries","og_description":"Todas las not\u00edcias, blogs y actualidad de Alper Krup y nuestro sector en este apartado de nuestra p\u00e1gina web.","og_url":"https:\/\/alperkrup.com\/es\/novedades\/","og_site_name":"ALPER KRUP | Comercial and technical consultancy for animal feed, fuels and biofuels industries","article_modified_time":"2024-10-14T10:10:48+00:00","og_image":[{"width":1500,"height":1000,"url":"https:\/\/alperkrup.com\/wp-content\/uploads\/2024\/10\/chemist-lab-coat-rubber-gloves-vigorously-shaking-yellow-samples-before-analysis.jpg","type":"image\/jpeg"}],"twitter_misc":{"Tiempo de lectura":"3 minutos"},"schema":{"@context":"https:\/\/schema.org","@graph":[{"@type":"WebPage","@id":"https:\/\/alperkrup.com\/es\/novedades\/","url":"https:\/\/alperkrup.com\/es\/novedades\/","name":"NOVEDADES - ALPER KRUP | Comercial and technical consultancy for animal feed, fuels and biofuels industries","isPartOf":{"@id":"https:\/\/alperkrup.com\/#website"},"datePublished":"2024-08-28T10:39:26+00:00","dateModified":"2024-10-14T10:10:48+00:00","description":"Todas las not\u00edcias, blogs y actualidad de Alper Krup y nuestro sector en este apartado de nuestra p\u00e1gina web.","breadcrumb":{"@id":"https:\/\/alperkrup.com\/es\/novedades\/#breadcrumb"},"inLanguage":"es","potentialAction":[{"@type":"ReadAction","target":["https:\/\/alperkrup.com\/es\/novedades\/"]}]},{"@type":"BreadcrumbList","@id":"https:\/\/alperkrup.com\/es\/novedades\/#breadcrumb","itemListElement":[{"@type":"ListItem","position":1,"name":"Portada","item":"https:\/\/alperkrup.com\/es\/"},{"@type":"ListItem","position":2,"name":"NOVEDADES"}]},{"@type":"WebSite","@id":"https:\/\/alperkrup.com\/#website","url":"https:\/\/alperkrup.com\/","name":"ALPER KRUP | Comercial and technical consultancy for animal feed, fuels and biofuels industries","description":"We offer ingredients that improve animal gut health.","publisher":{"@id":"https:\/\/alperkrup.com\/#organization"},"alternateName":"Alper Krup","potentialAction":[{"@type":"SearchAction","target":{"@type":"EntryPoint","urlTemplate":"https:\/\/alperkrup.com\/?s={search_term_string}"},"query-input":{"@type":"PropertyValueSpecification","valueRequired":true,"valueName":"search_term_string"}}],"inLanguage":"es"},{"@type":"Organization","@id":"https:\/\/alperkrup.com\/#organization","name":"Alper Krup","alternateName":"Comercial and thecnical consultancy for animal feed","url":"https:\/\/alperkrup.com\/","logo":{"@type":"ImageObject","inLanguage":"es","@id":"https:\/\/alperkrup.com\/#\/schema\/logo\/image\/","url":"https:\/\/alperkrup.com\/wp-content\/uploads\/2024\/09\/Alper-Krup-01.png","contentUrl":"https:\/\/alperkrup.com\/wp-content\/uploads\/2024\/09\/Alper-Krup-01.png","width":1004,"height":296,"caption":"Alper Krup"},"image":{"@id":"https:\/\/alperkrup.com\/#\/schema\/logo\/image\/"}}]}},"_links":{"self":[{"href":"https:\/\/alperkrup.com\/es\/wp-json\/wp\/v2\/pages\/513","targetHints":{"allow":["GET"]}}],"collection":[{"href":"https:\/\/alperkrup.com\/es\/wp-json\/wp\/v2\/pages"}],"about":[{"href":"https:\/\/alperkrup.com\/es\/wp-json\/wp\/v2\/types\/page"}],"author":[{"embeddable":true,"href":"https:\/\/alperkrup.com\/es\/wp-json\/wp\/v2\/users\/1"}],"replies":[{"embeddable":true,"href":"https:\/\/alperkrup.com\/es\/wp-json\/wp\/v2\/comments?post=513"}],"version-history":[{"count":4,"href":"https:\/\/alperkrup.com\/es\/wp-json\/wp\/v2\/pages\/513\/revisions"}],"predecessor-version":[{"id":579,"href":"https:\/\/alperkrup.com\/es\/wp-json\/wp\/v2\/pages\/513\/revisions\/579"}],"wp:attachment":[{"href":"https:\/\/alperkrup.com\/es\/wp-json\/wp\/v2\/media?parent=513"}],"curies":[{"name":"wp","href":"https:\/\/api.w.org\/{rel}","templated":true}]}}